{"id":1117,"date":"2024-11-05T15:15:07","date_gmt":"2024-11-05T07:15:07","guid":{"rendered":"https:\/\/www.zegemfireplace.com\/?post_type=product&#038;p=1117"},"modified":"2024-11-05T15:25:28","modified_gmt":"2024-11-05T07:25:28","slug":"30-40-50-60-70-80-90-100-inch-3-sides-glass-view-fire-indoor-vented-directly-natural-gas-or-lgp-gas-fireplace","status":"publish","type":"product","link":"https:\/\/www.zegemfireplace.com\/es\/producto\/30-40-50-60-70-80-90-100-inch-3-sides-glass-view-fire-indoor-vented-directly-natural-gas-or-lgp-gas-fireplace\/","title":{"rendered":"30\/40\/50\/60\/70\/80\/90\/100 pulgadas 3 lados Fuego con vista de cristal Ventilaci\u00f3n interior directamente gas natural o LGP Chimenea de gas"},"content":{"rendered":"<p><img fetchpriority=\"high\" decoding=\"async\" class=\"alignnone size-medium wp-image-1118\" src=\"http:\/\/www.zegemfireplace.com\/wp-content\/uploads\/2024\/11\/front-back-left-sides-300x202.jpg\" alt=\"\" width=\"300\" height=\"202\" srcset=\"https:\/\/www.zegemfireplace.com\/wp-content\/uploads\/2024\/11\/front-back-left-sides-300x202.jpg 300w, https:\/\/www.zegemfireplace.com\/wp-content\/uploads\/2024\/11\/front-back-left-sides-18x12.jpg 18w, https:\/\/www.zegemfireplace.com\/wp-content\/uploads\/2024\/11\/front-back-left-sides.jpg 352w\" sizes=\"(max-width: 300px) 100vw, 300px\" \/> <img decoding=\"async\" class=\"alignnone size-medium wp-image-1119\" src=\"http:\/\/www.zegemfireplace.com\/wp-content\/uploads\/2024\/11\/front-back-right-sides-295x300.jpg\" alt=\"\" width=\"295\" height=\"300\" srcset=\"https:\/\/www.zegemfireplace.com\/wp-content\/uploads\/2024\/11\/front-back-right-sides-295x300.jpg 295w, https:\/\/www.zegemfireplace.com\/wp-content\/uploads\/2024\/11\/front-back-right-sides-12x12.jpg 12w, https:\/\/www.zegemfireplace.com\/wp-content\/uploads\/2024\/11\/front-back-right-sides.jpg 458w\" sizes=\"(max-width: 295px) 100vw, 295px\" \/> <img decoding=\"async\" class=\"alignnone size-medium wp-image-1120\" src=\"http:\/\/www.zegemfireplace.com\/wp-content\/uploads\/2024\/11\/S41ae86235b5648e6b1ffa38dbf4815f8n-300x300.webp\" alt=\"\" width=\"300\" height=\"300\" srcset=\"https:\/\/www.zegemfireplace.com\/wp-content\/uploads\/2024\/11\/S41ae86235b5648e6b1ffa38dbf4815f8n-300x300.webp 300w, https:\/\/www.zegemfireplace.com\/wp-content\/uploads\/2024\/11\/S41ae86235b5648e6b1ffa38dbf4815f8n-150x150.webp 150w, https:\/\/www.zegemfireplace.com\/wp-content\/uploads\/2024\/11\/S41ae86235b5648e6b1ffa38dbf4815f8n-768x768.webp 768w, https:\/\/www.zegemfireplace.com\/wp-content\/uploads\/2024\/11\/S41ae86235b5648e6b1ffa38dbf4815f8n-12x12.webp 12w, https:\/\/www.zegemfireplace.com\/wp-content\/uploads\/2024\/11\/S41ae86235b5648e6b1ffa38dbf4815f8n-600x600.webp 600w, https:\/\/www.zegemfireplace.com\/wp-content\/uploads\/2024\/11\/S41ae86235b5648e6b1ffa38dbf4815f8n-100x100.webp 100w, https:\/\/www.zegemfireplace.com\/wp-content\/uploads\/2024\/11\/S41ae86235b5648e6b1ffa38dbf4815f8n.webp 800w\" sizes=\"(max-width: 300px) 100vw, 300px\" \/> <img loading=\"lazy\" decoding=\"async\" class=\"alignnone size-medium wp-image-1121\" src=\"http:\/\/www.zegemfireplace.com\/wp-content\/uploads\/2024\/11\/S55fc212a153f485b9d5ad9326ee427c0n-300x300.webp\" alt=\"\" width=\"300\" height=\"300\" srcset=\"https:\/\/www.zegemfireplace.com\/wp-content\/uploads\/2024\/11\/S55fc212a153f485b9d5ad9326ee427c0n-300x300.webp 300w, https:\/\/www.zegemfireplace.com\/wp-content\/uploads\/2024\/11\/S55fc212a153f485b9d5ad9326ee427c0n-150x150.webp 150w, https:\/\/www.zegemfireplace.com\/wp-content\/uploads\/2024\/11\/S55fc212a153f485b9d5ad9326ee427c0n-768x768.webp 768w, https:\/\/www.zegemfireplace.com\/wp-content\/uploads\/2024\/11\/S55fc212a153f485b9d5ad9326ee427c0n-12x12.webp 12w, https:\/\/www.zegemfireplace.com\/wp-content\/uploads\/2024\/11\/S55fc212a153f485b9d5ad9326ee427c0n-600x600.webp 600w, https:\/\/www.zegemfireplace.com\/wp-content\/uploads\/2024\/11\/S55fc212a153f485b9d5ad9326ee427c0n-100x100.webp 100w, https:\/\/www.zegemfireplace.com\/wp-content\/uploads\/2024\/11\/S55fc212a153f485b9d5ad9326ee427c0n.webp 800w\" sizes=\"(max-width: 300px) 100vw, 300px\" \/><\/p>\n<p>Size can be from 800mm to 3000mm long<\/p>\n<p>Control mode : Remote control or manual control<\/p>\n<ol>\n<li>Funciones: visualizaci\u00f3n, calefacci\u00f3n, puro manejo a distancia.<\/li>\n<li>Modo de control: sistema de control por microordenador, modo de encendido piezoel\u00e9ctrico por impulsos.<\/li>\n<li>Funci\u00f3n de protecci\u00f3n: funci\u00f3n de desconexi\u00f3n de protecci\u00f3n contra fallo de alimentaci\u00f3n, funci\u00f3n de desconexi\u00f3n de protecci\u00f3n contra hipoxia, funci\u00f3n de desconexi\u00f3n de protecci\u00f3n contra extinci\u00f3n accidental de la llama.<\/li>\n<li>La v\u00e1lvula de n\u00facleo: La v\u00e1lvula es importada de Italia con funci\u00f3n de protecci\u00f3n de apagado autom\u00e1tico cuando se apaga la llama.<\/li>\n<li>Vidrio: Vidrio resistente a altas temperaturas<\/li>\n<li>La carga de la chimenea de gas: 40000-60000BTU\/h, 1,17m\u00b3.<\/li>\n<li>La altura de la llama es de unos 100-200 mm.<\/li>\n<li>Piedra decorativa o falsa le\u00f1a, elige una de las dos<\/li>\n<\/ol>\n<p>9.View fire sides : One side\/two sides\/3 sides \/4 sides view fire<\/p>\n<p>10.meet USA standard : 110V\/60Hz, US plug .<\/p>\n<p>11.Support natural gas or LGP .<\/p>\n<p>&nbsp;<\/p>\n<p>&nbsp;<\/p>\n<p><img loading=\"lazy\" decoding=\"async\" class=\"alignnone size-medium wp-image-852\" src=\"http:\/\/www.zegemfireplace.com\/wp-content\/uploads\/2024\/10\/gas-fireplace-150cm-244x300.jpg\" alt=\"\" width=\"244\" height=\"300\" srcset=\"https:\/\/www.zegemfireplace.com\/wp-content\/uploads\/2024\/10\/gas-fireplace-150cm-244x300.jpg 244w, https:\/\/www.zegemfireplace.com\/wp-content\/uploads\/2024\/10\/gas-fireplace-150cm-832x1024.jpg 832w, https:\/\/www.zegemfireplace.com\/wp-content\/uploads\/2024\/10\/gas-fireplace-150cm-768x946.jpg 768w, https:\/\/www.zegemfireplace.com\/wp-content\/uploads\/2024\/10\/gas-fireplace-150cm-10x12.jpg 10w, https:\/\/www.zegemfireplace.com\/wp-content\/uploads\/2024\/10\/gas-fireplace-150cm-600x739.jpg 600w, https:\/\/www.zegemfireplace.com\/wp-content\/uploads\/2024\/10\/gas-fireplace-150cm.jpg 1184w\" sizes=\"(max-width: 244px) 100vw, 244px\" \/> <img loading=\"lazy\" decoding=\"async\" class=\"alignnone size-medium wp-image-853\" src=\"http:\/\/www.zegemfireplace.com\/wp-content\/uploads\/2024\/10\/gas-fireplace-238x300.jpg\" alt=\"\" width=\"238\" height=\"300\" srcset=\"https:\/\/www.zegemfireplace.com\/wp-content\/uploads\/2024\/10\/gas-fireplace-238x300.jpg 238w, https:\/\/www.zegemfireplace.com\/wp-content\/uploads\/2024\/10\/gas-fireplace-811x1024.jpg 811w, https:\/\/www.zegemfireplace.com\/wp-content\/uploads\/2024\/10\/gas-fireplace-768x970.jpg 768w, https:\/\/www.zegemfireplace.com\/wp-content\/uploads\/2024\/10\/gas-fireplace-10x12.jpg 10w, https:\/\/www.zegemfireplace.com\/wp-content\/uploads\/2024\/10\/gas-fireplace-600x758.jpg 600w, https:\/\/www.zegemfireplace.com\/wp-content\/uploads\/2024\/10\/gas-fireplace.jpg 1072w\" sizes=\"(max-width: 238px) 100vw, 238px\" \/> <img loading=\"lazy\" decoding=\"async\" class=\"alignnone size-medium wp-image-854\" src=\"http:\/\/www.zegemfireplace.com\/wp-content\/uploads\/2024\/10\/top-gas-fireplace-300x246.jpg\" alt=\"\" width=\"300\" height=\"246\" srcset=\"https:\/\/www.zegemfireplace.com\/wp-content\/uploads\/2024\/10\/top-gas-fireplace-300x246.jpg 300w, https:\/\/www.zegemfireplace.com\/wp-content\/uploads\/2024\/10\/top-gas-fireplace-1024x841.jpg 1024w, https:\/\/www.zegemfireplace.com\/wp-content\/uploads\/2024\/10\/top-gas-fireplace-768x631.jpg 768w, https:\/\/www.zegemfireplace.com\/wp-content\/uploads\/2024\/10\/top-gas-fireplace-15x12.jpg 15w, https:\/\/www.zegemfireplace.com\/wp-content\/uploads\/2024\/10\/top-gas-fireplace-600x493.jpg 600w, https:\/\/www.zegemfireplace.com\/wp-content\/uploads\/2024\/10\/top-gas-fireplace.jpg 1248w\" sizes=\"(max-width: 300px) 100vw, 300px\" \/> <img loading=\"lazy\" decoding=\"async\" class=\"alignnone size-medium wp-image-855\" src=\"http:\/\/www.zegemfireplace.com\/wp-content\/uploads\/2024\/10\/\u5fae\u4fe1\u56fe\u7247_20200731142453_\u526f\u672c-300x85.jpg\" alt=\"\" width=\"300\" height=\"85\" srcset=\"https:\/\/www.zegemfireplace.com\/wp-content\/uploads\/2024\/10\/\u5fae\u4fe1\u56fe\u7247_20200731142453_\u526f\u672c-300x85.jpg 300w, https:\/\/www.zegemfireplace.com\/wp-content\/uploads\/2024\/10\/\u5fae\u4fe1\u56fe\u7247_20200731142453_\u526f\u672c-18x5.jpg 18w, https:\/\/www.zegemfireplace.com\/wp-content\/uploads\/2024\/10\/\u5fae\u4fe1\u56fe\u7247_20200731142453_\u526f\u672c-600x169.jpg 600w, https:\/\/www.zegemfireplace.com\/wp-content\/uploads\/2024\/10\/\u5fae\u4fe1\u56fe\u7247_20200731142453_\u526f\u672c.jpg 720w\" sizes=\"(max-width: 300px) 100vw, 300px\" \/><\/p>\n<p><img loading=\"lazy\" decoding=\"async\" class=\"alignnone size-medium wp-image-862\" src=\"http:\/\/www.zegemfireplace.com\/wp-content\/uploads\/2024\/10\/3-sides-gas-fireplace_\u526f\u672c-1-300x225.png\" alt=\"\" width=\"300\" height=\"225\" srcset=\"https:\/\/www.zegemfireplace.com\/wp-content\/uploads\/2024\/10\/3-sides-gas-fireplace_\u526f\u672c-1-300x225.png 300w, https:\/\/www.zegemfireplace.com\/wp-content\/uploads\/2024\/10\/3-sides-gas-fireplace_\u526f\u672c-1-768x576.png 768w, https:\/\/www.zegemfireplace.com\/wp-content\/uploads\/2024\/10\/3-sides-gas-fireplace_\u526f\u672c-1-16x12.png 16w, https:\/\/www.zegemfireplace.com\/wp-content\/uploads\/2024\/10\/3-sides-gas-fireplace_\u526f\u672c-1-600x450.png 600w, https:\/\/www.zegemfireplace.com\/wp-content\/uploads\/2024\/10\/3-sides-gas-fireplace_\u526f\u672c-1.png 800w\" sizes=\"(max-width: 300px) 100vw, 300px\" \/> <img loading=\"lazy\" decoding=\"async\" class=\"alignnone size-medium wp-image-863\" src=\"http:\/\/www.zegemfireplace.com\/wp-content\/uploads\/2024\/10\/double-gas-fireplace_\u526f\u672c-1-300x300.jpg\" alt=\"\" width=\"300\" height=\"300\" srcset=\"https:\/\/www.zegemfireplace.com\/wp-content\/uploads\/2024\/10\/double-gas-fireplace_\u526f\u672c-1-300x300.jpg 300w, https:\/\/www.zegemfireplace.com\/wp-content\/uploads\/2024\/10\/double-gas-fireplace_\u526f\u672c-1-150x150.jpg 150w, https:\/\/www.zegemfireplace.com\/wp-content\/uploads\/2024\/10\/double-gas-fireplace_\u526f\u672c-1-768x767.jpg 768w, https:\/\/www.zegemfireplace.com\/wp-content\/uploads\/2024\/10\/double-gas-fireplace_\u526f\u672c-1-12x12.jpg 12w, https:\/\/www.zegemfireplace.com\/wp-content\/uploads\/2024\/10\/double-gas-fireplace_\u526f\u672c-1-600x599.jpg 600w, https:\/\/www.zegemfireplace.com\/wp-content\/uploads\/2024\/10\/double-gas-fireplace_\u526f\u672c-1-100x100.jpg 100w, https:\/\/www.zegemfireplace.com\/wp-content\/uploads\/2024\/10\/double-gas-fireplace_\u526f\u672c-1.jpg 850w\" sizes=\"(max-width: 300px) 100vw, 300px\" \/> <img loading=\"lazy\" decoding=\"async\" class=\"alignnone size-medium wp-image-864\" src=\"http:\/\/www.zegemfireplace.com\/wp-content\/uploads\/2024\/10\/front-back-right-sides-295x300.jpg\" alt=\"\" width=\"295\" height=\"300\" srcset=\"https:\/\/www.zegemfireplace.com\/wp-content\/uploads\/2024\/10\/front-back-right-sides-295x300.jpg 295w, https:\/\/www.zegemfireplace.com\/wp-content\/uploads\/2024\/10\/front-back-right-sides-12x12.jpg 12w, https:\/\/www.zegemfireplace.com\/wp-content\/uploads\/2024\/10\/front-back-right-sides.jpg 458w\" sizes=\"(max-width: 295px) 100vw, 295px\" \/> <img loading=\"lazy\" decoding=\"async\" class=\"alignnone size-medium wp-image-865\" src=\"http:\/\/www.zegemfireplace.com\/wp-content\/uploads\/2024\/10\/\u5fae\u4fe1\u56fe\u7247_20231128142756_\u526f\u672c-245x300.jpg\" alt=\"\" width=\"245\" height=\"300\" srcset=\"https:\/\/www.zegemfireplace.com\/wp-content\/uploads\/2024\/10\/\u5fae\u4fe1\u56fe\u7247_20231128142756_\u526f\u672c-245x300.jpg 245w, https:\/\/www.zegemfireplace.com\/wp-content\/uploads\/2024\/10\/\u5fae\u4fe1\u56fe\u7247_20231128142756_\u526f\u672c-10x12.jpg 10w, https:\/\/www.zegemfireplace.com\/wp-content\/uploads\/2024\/10\/\u5fae\u4fe1\u56fe\u7247_20231128142756_\u526f\u672c.jpg 543w\" sizes=\"(max-width: 245px) 100vw, 245px\" \/><\/p>","protected":false},"excerpt":{"rendered":"<p>El tama\u00f1o puede ser de 800mm a 3000mm de largo Modo de control : Mando a distancia o mando manual Funciones: visualizaci\u00f3n, calefacci\u00f3n, puro funcionamiento por mando a distancia. Modo de control: sistema de control por microordenador, modo de encendido piezoel\u00e9ctrico por impulsos. Funci\u00f3n de protecci\u00f3n: funci\u00f3n de apagado de protecci\u00f3n de fallo de alimentaci\u00f3n, funci\u00f3n de apagado de protecci\u00f3n de hipoxia, funci\u00f3n de apagado de protecci\u00f3n de extinci\u00f3n de llama accidental. La v\u00e1lvula del n\u00facleo: La v\u00e1lvula es...<\/p>","protected":false},"featured_media":1121,"comment_status":"open","ping_status":"closed","template":"","meta":{"_kad_post_transparent":"default","_kad_post_title":"","_kad_post_layout":"default","_kad_post_sidebar_id":"","_kad_post_content_style":"default","_kad_post_vertical_padding":"default","_kad_post_feature":"","_kad_post_feature_position":"","_kad_post_header":false,"_kad_post_footer":false,"_kad_post_classname":""},"product_brand":[],"product_cat":[32],"product_tag":[],"class_list":{"0":"post-1117","1":"product","2":"type-product","3":"status-publish","4":"has-post-thumbnail","6":"product_cat-gas-fireplace","8":"first","9":"instock","10":"shipping-taxable","11":"product-type-simple","12":"entry","13":"content-bg","14":"loop-entry"},"_links":{"self":[{"href":"https:\/\/www.zegemfireplace.com\/es\/wp-json\/wp\/v2\/product\/1117","targetHints":{"allow":["GET"]}}],"collection":[{"href":"https:\/\/www.zegemfireplace.com\/es\/wp-json\/wp\/v2\/product"}],"about":[{"href":"https:\/\/www.zegemfireplace.com\/es\/wp-json\/wp\/v2\/types\/product"}],"replies":[{"embeddable":true,"href":"https:\/\/www.zegemfireplace.com\/es\/wp-json\/wp\/v2\/comments?post=1117"}],"wp:featuredmedia":[{"embeddable":true,"href":"https:\/\/www.zegemfireplace.com\/es\/wp-json\/wp\/v2\/media\/1121"}],"wp:attachment":[{"href":"https:\/\/www.zegemfireplace.com\/es\/wp-json\/wp\/v2\/media?parent=1117"}],"wp:term":[{"taxonomy":"product_brand","embeddable":true,"href":"https:\/\/www.zegemfireplace.com\/es\/wp-json\/wp\/v2\/product_brand?post=1117"},{"taxonomy":"product_cat","embeddable":true,"href":"https:\/\/www.zegemfireplace.com\/es\/wp-json\/wp\/v2\/product_cat?post=1117"},{"taxonomy":"product_tag","embeddable":true,"href":"https:\/\/www.zegemfireplace.com\/es\/wp-json\/wp\/v2\/product_tag?post=1117"}],"curies":[{"name":"wp","href":"https:\/\/api.w.org\/{rel}","templated":true}]}}