{"id":1142,"date":"2024-11-05T16:06:14","date_gmt":"2024-11-05T08:06:14","guid":{"rendered":"https:\/\/www.zegemfireplace.com\/?post_type=product&#038;p=1142"},"modified":"2024-11-07T14:11:05","modified_gmt":"2024-11-07T06:11:05","slug":"cast-iron-insert-type-wood-stove-fireplace-730-900-mm","status":"publish","type":"product","link":"https:\/\/www.zegemfireplace.com\/es\/producto\/cast-iron-insert-type-wood-stove-fireplace-730-900-mm\/","title":{"rendered":"Chimenea estufa de le\u00f1a de hierro fundido tipo insertable 730\/900 mm"},"content":{"rendered":"<p><img fetchpriority=\"high\" decoding=\"async\" class=\"alignnone size-medium wp-image-1136\" src=\"http:\/\/www.zegemfireplace.com\/wp-content\/uploads\/2024\/10\/B011-300x225.jpg\" alt=\"\" width=\"300\" height=\"225\" srcset=\"https:\/\/www.zegemfireplace.com\/wp-content\/uploads\/2024\/10\/B011-300x225.jpg 300w, https:\/\/www.zegemfireplace.com\/wp-content\/uploads\/2024\/10\/B011-1024x768.jpg 1024w, https:\/\/www.zegemfireplace.com\/wp-content\/uploads\/2024\/10\/B011-768x576.jpg 768w, https:\/\/www.zegemfireplace.com\/wp-content\/uploads\/2024\/10\/B011-1536x1152.jpg 1536w, https:\/\/www.zegemfireplace.com\/wp-content\/uploads\/2024\/10\/B011-16x12.jpg 16w, https:\/\/www.zegemfireplace.com\/wp-content\/uploads\/2024\/10\/B011-600x450.jpg 600w, https:\/\/www.zegemfireplace.com\/wp-content\/uploads\/2024\/10\/B011.jpg 1706w\" sizes=\"(max-width: 300px) 100vw, 300px\" \/><\/p>\n<div style=\"width: 1280px;\" class=\"wp-video\"><video class=\"wp-video-shortcode\" id=\"video-1142-1\" width=\"1280\" height=\"720\" preload=\"metadata\" controls=\"controls\"><source type=\"video\/mp4\" src=\"http:\/\/www.zegemfireplace.com\/wp-content\/uploads\/2024\/10\/video-of-900.mp4?_=1\" \/><a href=\"http:\/\/www.zegemfireplace.com\/wp-content\/uploads\/2024\/10\/video-of-900.mp4\">http:\/\/www.zegemfireplace.com\/wp-content\/uploads\/2024\/10\/video-of-900.mp4<\/a><\/video><\/div>\n<p>&nbsp;<\/p>\n<table>\n<tbody>\n<tr>\n<td width=\"284\">Tama\u00f1o\/mm<\/td>\n<td width=\"284\">730x440X675<\/td>\n<\/tr>\n<tr>\n<td width=\"284\">Tama\u00f1o del vidrio\/mm<\/td>\n<td width=\"284\">625&#215;425<\/td>\n<\/tr>\n<tr>\n<td width=\"284\">Peso\/kg<\/td>\n<td width=\"284\">150<\/td>\n<\/tr>\n<tr>\n<td width=\"284\">Material principal<\/td>\n<td width=\"284\">hierro fundido<\/td>\n<\/tr>\n<tr>\n<td width=\"284\">Ubicaci\u00f3n de la salida de humos<\/td>\n<td width=\"284\">Top<\/td>\n<\/tr>\n<tr>\n<td width=\"284\">Combustible<\/td>\n<td width=\"284\">Le\u00f1a seca<\/td>\n<\/tr>\n<tr>\n<td width=\"284\">Di\u00e1metro del tubo de humos<\/td>\n<td width=\"284\">180 mm<\/td>\n<\/tr>\n<tr>\n<td width=\"284\">Zona c\u00e1lida<\/td>\n<td width=\"284\">100-120 metros cuadrados<\/td>\n<\/tr>\n<tr>\n<td width=\"284\">Combusti\u00f3n secundaria<\/td>\n<td width=\"284\">S\u00ed<\/td>\n<\/tr>\n<tr>\n<td width=\"284\">Modelo<\/td>\n<td width=\"284\">H730<\/td>\n<\/tr>\n<tr>\n<td width=\"284\">Pintura de superficie<\/td>\n<td width=\"284\">Pintura resistente al calor American Forest<\/td>\n<\/tr>\n<tr>\n<td width=\"284\">Visor de incendios<\/td>\n<td width=\"284\">Cristal alem\u00e1n Schott resistente al calor<\/td>\n<\/tr>\n<\/tbody>\n<\/table>\n<p><img decoding=\"async\" class=\"alignleft size-medium wp-image-1141\" src=\"http:\/\/www.zegemfireplace.com\/wp-content\/uploads\/2024\/11\/a7b64fb9b476d48ca0fb604fd62f94e-240x300.jpg\" alt=\"\" width=\"240\" height=\"300\" srcset=\"https:\/\/www.zegemfireplace.com\/wp-content\/uploads\/2024\/11\/a7b64fb9b476d48ca0fb604fd62f94e-240x300.jpg 240w, https:\/\/www.zegemfireplace.com\/wp-content\/uploads\/2024\/11\/a7b64fb9b476d48ca0fb604fd62f94e-819x1024.jpg 819w, https:\/\/www.zegemfireplace.com\/wp-content\/uploads\/2024\/11\/a7b64fb9b476d48ca0fb604fd62f94e-768x960.jpg 768w, https:\/\/www.zegemfireplace.com\/wp-content\/uploads\/2024\/11\/a7b64fb9b476d48ca0fb604fd62f94e-10x12.jpg 10w, https:\/\/www.zegemfireplace.com\/wp-content\/uploads\/2024\/11\/a7b64fb9b476d48ca0fb604fd62f94e-600x750.jpg 600w, https:\/\/www.zegemfireplace.com\/wp-content\/uploads\/2024\/11\/a7b64fb9b476d48ca0fb604fd62f94e.jpg 1216w\" sizes=\"(max-width: 240px) 100vw, 240px\" \/><img decoding=\"async\" class=\"alignnone size-medium wp-image-1138\" src=\"http:\/\/www.zegemfireplace.com\/wp-content\/uploads\/2024\/10\/\u5fae\u4fe1\u56fe\u7247_20240717161851-300x225.jpg\" alt=\"\" width=\"300\" height=\"225\" srcset=\"https:\/\/www.zegemfireplace.com\/wp-content\/uploads\/2024\/10\/\u5fae\u4fe1\u56fe\u7247_20240717161851-300x225.jpg 300w, https:\/\/www.zegemfireplace.com\/wp-content\/uploads\/2024\/10\/\u5fae\u4fe1\u56fe\u7247_20240717161851-1024x768.jpg 1024w, https:\/\/www.zegemfireplace.com\/wp-content\/uploads\/2024\/10\/\u5fae\u4fe1\u56fe\u7247_20240717161851-768x576.jpg 768w, https:\/\/www.zegemfireplace.com\/wp-content\/uploads\/2024\/10\/\u5fae\u4fe1\u56fe\u7247_20240717161851-16x12.jpg 16w, https:\/\/www.zegemfireplace.com\/wp-content\/uploads\/2024\/10\/\u5fae\u4fe1\u56fe\u7247_20240717161851-600x450.jpg 600w, https:\/\/www.zegemfireplace.com\/wp-content\/uploads\/2024\/10\/\u5fae\u4fe1\u56fe\u7247_20240717161851.jpg 1440w\" sizes=\"(max-width: 300px) 100vw, 300px\" \/><img loading=\"lazy\" decoding=\"async\" class=\"alignnone size-medium wp-image-1133\" src=\"http:\/\/www.zegemfireplace.com\/wp-content\/uploads\/2024\/10\/B01-300x225.jpg\" alt=\"\" width=\"300\" height=\"225\" srcset=\"https:\/\/www.zegemfireplace.com\/wp-content\/uploads\/2024\/10\/B01-300x225.jpg 300w, https:\/\/www.zegemfireplace.com\/wp-content\/uploads\/2024\/10\/B01-1024x768.jpg 1024w, https:\/\/www.zegemfireplace.com\/wp-content\/uploads\/2024\/10\/B01-768x576.jpg 768w, https:\/\/www.zegemfireplace.com\/wp-content\/uploads\/2024\/10\/B01-1536x1152.jpg 1536w, https:\/\/www.zegemfireplace.com\/wp-content\/uploads\/2024\/10\/B01-16x12.jpg 16w, https:\/\/www.zegemfireplace.com\/wp-content\/uploads\/2024\/10\/B01-600x450.jpg 600w, https:\/\/www.zegemfireplace.com\/wp-content\/uploads\/2024\/10\/B01.jpg 1706w\" sizes=\"(max-width: 300px) 100vw, 300px\" \/><img loading=\"lazy\" decoding=\"async\" class=\"alignleft size-medium wp-image-1139\" src=\"http:\/\/www.zegemfireplace.com\/wp-content\/uploads\/2024\/10\/1730793018789-300x265.png\" alt=\"\" width=\"300\" height=\"265\" srcset=\"https:\/\/www.zegemfireplace.com\/wp-content\/uploads\/2024\/10\/1730793018789-300x265.png 300w, https:\/\/www.zegemfireplace.com\/wp-content\/uploads\/2024\/10\/1730793018789-14x12.png 14w, https:\/\/www.zegemfireplace.com\/wp-content\/uploads\/2024\/10\/1730793018789-600x530.png 600w, https:\/\/www.zegemfireplace.com\/wp-content\/uploads\/2024\/10\/1730793018789.png 768w\" sizes=\"(max-width: 300px) 100vw, 300px\" \/><\/p>","protected":false},"excerpt":{"rendered":"<p>&nbsp; Tama\u00f1o\/mm 730x440X675 Tama\u00f1o\/mm del vidrio 625\u00d7425 Peso\/kg 150 Material principal hierro fundido Ubicaci\u00f3n de la salida de humos Superior Combustible Le\u00f1a seca Di\u00e1metro del tubo de humos 180mm \u00c1rea caliente 100-120 Metros cuadrados Combusti\u00f3n secundaria S\u00ed Modelo H730 Pintura superficial Pintura resistente al calor American Forest Vidrio de visualizaci\u00f3n del fuego Vidrio resistente al calor German Schott<\/p>","protected":false},"featured_media":1133,"comment_status":"open","ping_status":"closed","template":"","meta":{"_kad_post_transparent":"default","_kad_post_title":"","_kad_post_layout":"default","_kad_post_sidebar_id":"","_kad_post_content_style":"default","_kad_post_vertical_padding":"default","_kad_post_feature":"","_kad_post_feature_position":"","_kad_post_header":false,"_kad_post_footer":false,"_kad_post_classname":""},"product_brand":[],"product_cat":[31],"product_tag":[],"class_list":{"0":"post-1142","1":"product","2":"type-product","3":"status-publish","4":"has-post-thumbnail","6":"product_cat-wood-stove","8":"first","9":"instock","10":"shipping-taxable","11":"product-type-simple","12":"entry","13":"content-bg","14":"loop-entry"},"_links":{"self":[{"href":"https:\/\/www.zegemfireplace.com\/es\/wp-json\/wp\/v2\/product\/1142","targetHints":{"allow":["GET"]}}],"collection":[{"href":"https:\/\/www.zegemfireplace.com\/es\/wp-json\/wp\/v2\/product"}],"about":[{"href":"https:\/\/www.zegemfireplace.com\/es\/wp-json\/wp\/v2\/types\/product"}],"replies":[{"embeddable":true,"href":"https:\/\/www.zegemfireplace.com\/es\/wp-json\/wp\/v2\/comments?post=1142"}],"wp:featuredmedia":[{"embeddable":true,"href":"https:\/\/www.zegemfireplace.com\/es\/wp-json\/wp\/v2\/media\/1133"}],"wp:attachment":[{"href":"https:\/\/www.zegemfireplace.com\/es\/wp-json\/wp\/v2\/media?parent=1142"}],"wp:term":[{"taxonomy":"product_brand","embeddable":true,"href":"https:\/\/www.zegemfireplace.com\/es\/wp-json\/wp\/v2\/product_brand?post=1142"},{"taxonomy":"product_cat","embeddable":true,"href":"https:\/\/www.zegemfireplace.com\/es\/wp-json\/wp\/v2\/product_cat?post=1142"},{"taxonomy":"product_tag","embeddable":true,"href":"https:\/\/www.zegemfireplace.com\/es\/wp-json\/wp\/v2\/product_tag?post=1142"}],"curies":[{"name":"wp","href":"https:\/\/api.w.org\/{rel}","templated":true}]}}