{"id":1165,"date":"2024-11-07T11:02:07","date_gmt":"2024-11-07T03:02:07","guid":{"rendered":"https:\/\/www.zegemfireplace.com\/?post_type=product&#038;p=1165"},"modified":"2024-11-07T11:09:25","modified_gmt":"2024-11-07T03:09:25","slug":"1240mmx240mmx200mm-hot-selling-3d-water-steam-vapor-electric-fireplace","status":"publish","type":"product","link":"https:\/\/www.zegemfireplace.com\/es\/producto\/1240mmx240mmx200mm-hot-selling-3d-water-steam-vapor-electric-fireplace\/","title":{"rendered":"1240mmx240mmx200mm venta caliente 3D de vapor de agua de vapor chimenea el\u00e9ctrica"},"content":{"rendered":"<div style=\"width: 1280px;\" class=\"wp-video\"><video class=\"wp-video-shortcode\" id=\"video-1165-1\" width=\"1280\" height=\"720\" preload=\"metadata\" controls=\"controls\"><source type=\"video\/mp4\" src=\"http:\/\/www.zegemfireplace.com\/wp-content\/uploads\/2024\/11\/1240\u6b63\u9762.mp4?_=1\" \/><a href=\"http:\/\/www.zegemfireplace.com\/wp-content\/uploads\/2024\/11\/1240\u6b63\u9762.mp4\">http:\/\/www.zegemfireplace.com\/wp-content\/uploads\/2024\/11\/1240\u6b63\u9762.mp4<\/a><\/video><\/div>\n<p><img fetchpriority=\"high\" decoding=\"async\" class=\"alignnone wp-image-1145\" src=\"http:\/\/www.zegemfireplace.com\/wp-content\/uploads\/2024\/11\/installation-guide-from-50cm-to-244cm-300x237.jpg\" alt=\"\" width=\"641\" height=\"507\" srcset=\"https:\/\/www.zegemfireplace.com\/wp-content\/uploads\/2024\/11\/installation-guide-from-50cm-to-244cm-300x237.jpg 300w, https:\/\/www.zegemfireplace.com\/wp-content\/uploads\/2024\/11\/installation-guide-from-50cm-to-244cm-768x607.jpg 768w, https:\/\/www.zegemfireplace.com\/wp-content\/uploads\/2024\/11\/installation-guide-from-50cm-to-244cm-15x12.jpg 15w, https:\/\/www.zegemfireplace.com\/wp-content\/uploads\/2024\/11\/installation-guide-from-50cm-to-244cm-600x474.jpg 600w, https:\/\/www.zegemfireplace.com\/wp-content\/uploads\/2024\/11\/installation-guide-from-50cm-to-244cm.jpg 787w\" sizes=\"(max-width: 641px) 100vw, 641px\" \/><img decoding=\"async\" class=\"alignnone wp-image-1147\" src=\"http:\/\/www.zegemfireplace.com\/wp-content\/uploads\/2024\/11\/installation-2-300x167.png\" alt=\"\" width=\"633\" height=\"352\" srcset=\"https:\/\/www.zegemfireplace.com\/wp-content\/uploads\/2024\/11\/installation-2-300x167.png 300w, https:\/\/www.zegemfireplace.com\/wp-content\/uploads\/2024\/11\/installation-2-1024x571.png 1024w, https:\/\/www.zegemfireplace.com\/wp-content\/uploads\/2024\/11\/installation-2-768x428.png 768w, https:\/\/www.zegemfireplace.com\/wp-content\/uploads\/2024\/11\/installation-2-18x10.png 18w, https:\/\/www.zegemfireplace.com\/wp-content\/uploads\/2024\/11\/installation-2-600x335.png 600w, https:\/\/www.zegemfireplace.com\/wp-content\/uploads\/2024\/11\/installation-2.png 1160w\" sizes=\"(max-width: 633px) 100vw, 633px\" \/><\/p>\n<table>\n<tbody>\n<tr>\n<td width=\"286\">Modelo<\/td>\n<td width=\"359\">LX-3D-1240<\/td>\n<\/tr>\n<tr>\n<td width=\"286\">M\u00e9todo de encendido<\/td>\n<td width=\"359\">encendido por descarga de baja tensi\u00f3n<\/td>\n<\/tr>\n<tr>\n<td width=\"286\">Modo de control<\/td>\n<td width=\"359\">mando a distancia<\/td>\n<\/tr>\n<tr>\n<td width=\"286\">Consumo de combustible<\/td>\n<td width=\"359\">Agua limpia<\/td>\n<\/tr>\n<tr>\n<td width=\"286\">Consumo de combustible<\/td>\n<td width=\"359\">0,44 litros\/H<\/td>\n<\/tr>\n<tr>\n<td width=\"286\">Capacidad del dep\u00f3sito de combusti\u00f3n<\/td>\n<td width=\"359\">5,3 litros<\/td>\n<\/tr>\n<tr>\n<td width=\"286\">Tiempo de combusti\u00f3n continuado<\/td>\n<td width=\"359\">\u00a012 horas<\/td>\n<\/tr>\n<tr>\n<td width=\"286\">Tama\u00f1o:L*A*A<\/td>\n<td width=\"359\">1240mmx240mmx200mm<\/td>\n<\/tr>\n<tr>\n<td width=\"286\">Tama\u00f1o del panel<\/td>\n<td width=\"359\">1240x240 mm<\/td>\n<\/tr>\n<tr>\n<td width=\"286\">Tama\u00f1o de la bandeja de entrada<\/td>\n<td width=\"359\">1120x200mmx200mm<\/td>\n<\/tr>\n<tr>\n<td width=\"286\">material<\/td>\n<td width=\"359\">Acero laminado en fr\u00edo<\/td>\n<\/tr>\n<tr>\n<td width=\"286\">Tama\u00f1o del envase<\/td>\n<td width=\"359\">1420mmx330mmx360mm<\/td>\n<\/tr>\n<tr>\n<td width=\"286\">peso bruto<\/td>\n<td width=\"359\">33KG<\/td>\n<\/tr>\n<tr>\n<td width=\"286\">Configuraci\u00f3n est\u00e1ndar<\/td>\n<td width=\"359\">Pantalla t\u00e1ctil y mando a distancia<\/td>\n<\/tr>\n<tr>\n<td width=\"286\"><\/td>\n<td width=\"359\">Protecci\u00f3n autom\u00e1tica contra fallos de alimentaci\u00f3n, protecci\u00f3n contra cortocircuitos, segura y protegida<\/td>\n<\/tr>\n<tr>\n<td width=\"286\"><\/td>\n<td width=\"359\">Trabajo cronometrado, descanso cronometrado<\/td>\n<\/tr>\n<tr>\n<td width=\"286\"><\/td>\n<td width=\"359\">Mando a distancia por infrarrojos, c\u00f3modo y sencillo, sin molestias<\/td>\n<\/tr>\n<tr>\n<td width=\"286\"><\/td>\n<td width=\"359\">Control del nivel de combusti\u00f3n<\/td>\n<\/tr>\n<tr>\n<td width=\"286\"><\/td>\n<td width=\"359\">Alimentaci\u00f3n autom\u00e1tica de agua, funci\u00f3n autom\u00e1tica de drenaje de agua<\/td>\n<\/tr>\n<tr>\n<td width=\"286\"><\/td>\n<td width=\"359\">Los accesorios atomizados carecen de protecci\u00f3n contra el agua, detecci\u00f3n y apagado autom\u00e1ticos<\/td>\n<\/tr>\n<tr>\n<td width=\"286\">Funci\u00f3n opcional<\/td>\n<td width=\"359\">\u00a0sonido ardiente<\/td>\n<\/tr>\n<\/tbody>\n<\/table>","protected":false},"excerpt":{"rendered":"<p>Modelo LX-3D-1240 M\u00e9todo de ignici\u00f3n de descarga de bajo voltaje Modo de control remoto Uso de combustible Agua limpia Consumo de combustible 0.44 litros\/H Capacidad del tanque de combusti\u00f3n 5.3 litros Tiempo de combusti\u00f3n continua 12 horas Tama\u00f1o:L*A*A 1240mmx240mmx200mm Tama\u00f1o del panel 1240x240mm Tama\u00f1o de la caja 1120x200mmx200mm Material Acero laminado en fr\u00edo Tama\u00f1o del paquete 1420mmx330mmx360mm Peso bruto 33KG Configuraci\u00f3n est\u00e1ndar Pantalla t\u00e1ctil y control remoto...<\/p>","protected":false},"featured_media":1167,"comment_status":"open","ping_status":"closed","template":"","meta":{"_kad_post_transparent":"default","_kad_post_title":"","_kad_post_layout":"default","_kad_post_sidebar_id":"","_kad_post_content_style":"default","_kad_post_vertical_padding":"default","_kad_post_feature":"","_kad_post_feature_position":"","_kad_post_header":false,"_kad_post_footer":false,"_kad_post_classname":""},"product_brand":[],"product_cat":[29],"product_tag":[],"class_list":{"0":"post-1165","1":"product","2":"type-product","3":"status-publish","4":"has-post-thumbnail","6":"product_cat-3d-water-fireplace","8":"first","9":"instock","10":"shipping-taxable","11":"product-type-simple","12":"entry","13":"content-bg","14":"loop-entry"},"_links":{"self":[{"href":"https:\/\/www.zegemfireplace.com\/es\/wp-json\/wp\/v2\/product\/1165","targetHints":{"allow":["GET"]}}],"collection":[{"href":"https:\/\/www.zegemfireplace.com\/es\/wp-json\/wp\/v2\/product"}],"about":[{"href":"https:\/\/www.zegemfireplace.com\/es\/wp-json\/wp\/v2\/types\/product"}],"replies":[{"embeddable":true,"href":"https:\/\/www.zegemfireplace.com\/es\/wp-json\/wp\/v2\/comments?post=1165"}],"wp:featuredmedia":[{"embeddable":true,"href":"https:\/\/www.zegemfireplace.com\/es\/wp-json\/wp\/v2\/media\/1167"}],"wp:attachment":[{"href":"https:\/\/www.zegemfireplace.com\/es\/wp-json\/wp\/v2\/media?parent=1165"}],"wp:term":[{"taxonomy":"product_brand","embeddable":true,"href":"https:\/\/www.zegemfireplace.com\/es\/wp-json\/wp\/v2\/product_brand?post=1165"},{"taxonomy":"product_cat","embeddable":true,"href":"https:\/\/www.zegemfireplace.com\/es\/wp-json\/wp\/v2\/product_cat?post=1165"},{"taxonomy":"product_tag","embeddable":true,"href":"https:\/\/www.zegemfireplace.com\/es\/wp-json\/wp\/v2\/product_tag?post=1165"}],"curies":[{"name":"wp","href":"https:\/\/api.w.org\/{rel}","templated":true}]}}