{"id":1175,"date":"2024-11-07T14:11:24","date_gmt":"2024-11-07T06:11:24","guid":{"rendered":"https:\/\/www.zegemfireplace.com\/?post_type=product&#038;p=1175"},"modified":"2024-11-07T14:29:53","modified_gmt":"2024-11-07T06:29:53","slug":"600-700-800-900-1000-1100-1200-mm-hanging-wood-stove-fireplace","status":"publish","type":"product","link":"https:\/\/www.zegemfireplace.com\/es\/producto\/600-700-800-900-1000-1100-1200-mm-hanging-wood-stove-fireplace\/","title":{"rendered":"Chimenea de le\u00f1a colgante o independiente de cualquier tama\u00f1o y forma, hecha a medida"},"content":{"rendered":"<p><img decoding=\"async\" class=\"alignleft size-medium wp-image-1188\" src=\"http:\/\/www.zegemfireplace.com\/wp-content\/uploads\/2024\/11\/\u5fae\u4fe1\u56fe\u7247_20241107142713-154x300.jpg\" alt=\"\" width=\"154\" height=\"300\" srcset=\"https:\/\/www.zegemfireplace.com\/wp-content\/uploads\/2024\/11\/\u5fae\u4fe1\u56fe\u7247_20241107142713-154x300.jpg 154w, https:\/\/www.zegemfireplace.com\/wp-content\/uploads\/2024\/11\/\u5fae\u4fe1\u56fe\u7247_20241107142713-6x12.jpg 6w, https:\/\/www.zegemfireplace.com\/wp-content\/uploads\/2024\/11\/\u5fae\u4fe1\u56fe\u7247_20241107142713.jpg 470w\" sizes=\"(max-width: 154px) 100vw, 154px\" \/><\/p>\n<p>&nbsp;<\/p>\n<table>\n<tbody>\n<tr>\n<td width=\"284\">Di\u00e1metro \/mm<\/td>\n<td width=\"284\">600\/700\/800\/900\/1000\/1100\/1200 mm<\/td>\n<\/tr>\n<tr>\n<td width=\"284\">Altura \/mm<\/td>\n<td width=\"284\">2000-10000mm o m\u00e1s<\/td>\n<\/tr>\n<tr>\n<td width=\"284\">Peso\/kg<\/td>\n<td width=\"284\">150<\/td>\n<\/tr>\n<tr>\n<td width=\"284\">Material principal<\/td>\n<td width=\"284\">Acero<\/td>\n<\/tr>\n<tr>\n<td width=\"284\">Ubicaci\u00f3n de la salida de humos<\/td>\n<td width=\"284\">Top<\/td>\n<\/tr>\n<tr>\n<td width=\"284\">Combustible<\/td>\n<td width=\"284\">Le\u00f1a seca<\/td>\n<\/tr>\n<tr>\n<td width=\"284\">Di\u00e1metro del tubo de humos<\/td>\n<td width=\"284\">150\/180 mm<\/td>\n<\/tr>\n<tr>\n<td width=\"284\">Zona c\u00e1lida<\/td>\n<td width=\"284\">100-120 metros cuadrados<\/td>\n<\/tr>\n<tr>\n<td width=\"284\">Color<\/td>\n<td width=\"284\">Negro, blanco o colores<\/td>\n<\/tr>\n<tr>\n<td width=\"284\">Modelo<\/td>\n<td width=\"284\">H1000<\/td>\n<\/tr>\n<tr>\n<td width=\"284\">Pintura de superficie<\/td>\n<td width=\"284\">Pintura resistente al calor American Forest<\/td>\n<\/tr>\n<tr>\n<td width=\"284\">Visor de incendios<\/td>\n<td width=\"284\">Cristal alem\u00e1n Schott resistente al calor<\/td>\n<\/tr>\n<\/tbody>\n<\/table>\n<p>&nbsp;<\/p>","protected":false},"excerpt":{"rendered":"<p>&nbsp; Di\u00e1metro \/mm 600\/700\/800\/900\/1000\/1100\/1200 mm Altura \/mm 2000-10000mm o m\u00e1s Peso\/kg 150 Material principal Acero Ubicaci\u00f3n de salida de humos Superior Combustible Le\u00f1a seca Di\u00e1metro del tubo de humos 150\/180mm \u00c1rea caliente 100-120 Metros cuadrados Color Negro ,blanco o colores Modelo H1000 Pintura de superficie Pintura resistente al calor American Forest Vidrio de visualizaci\u00f3n de incendios Vidrio resistente al calor German Schott &nbsp;<\/p>","protected":false},"featured_media":1195,"comment_status":"open","ping_status":"closed","template":"","meta":{"_kad_post_transparent":"default","_kad_post_title":"","_kad_post_layout":"default","_kad_post_sidebar_id":"","_kad_post_content_style":"default","_kad_post_vertical_padding":"default","_kad_post_feature":"","_kad_post_feature_position":"","_kad_post_header":false,"_kad_post_footer":false,"_kad_post_classname":""},"product_brand":[],"product_cat":[31],"product_tag":[],"class_list":{"0":"post-1175","1":"product","2":"type-product","3":"status-publish","4":"has-post-thumbnail","6":"product_cat-wood-stove","8":"first","9":"instock","10":"shipping-taxable","11":"product-type-simple","12":"entry","13":"content-bg","14":"loop-entry"},"_links":{"self":[{"href":"https:\/\/www.zegemfireplace.com\/es\/wp-json\/wp\/v2\/product\/1175","targetHints":{"allow":["GET"]}}],"collection":[{"href":"https:\/\/www.zegemfireplace.com\/es\/wp-json\/wp\/v2\/product"}],"about":[{"href":"https:\/\/www.zegemfireplace.com\/es\/wp-json\/wp\/v2\/types\/product"}],"replies":[{"embeddable":true,"href":"https:\/\/www.zegemfireplace.com\/es\/wp-json\/wp\/v2\/comments?post=1175"}],"wp:featuredmedia":[{"embeddable":true,"href":"https:\/\/www.zegemfireplace.com\/es\/wp-json\/wp\/v2\/media\/1195"}],"wp:attachment":[{"href":"https:\/\/www.zegemfireplace.com\/es\/wp-json\/wp\/v2\/media?parent=1175"}],"wp:term":[{"taxonomy":"product_brand","embeddable":true,"href":"https:\/\/www.zegemfireplace.com\/es\/wp-json\/wp\/v2\/product_brand?post=1175"},{"taxonomy":"product_cat","embeddable":true,"href":"https:\/\/www.zegemfireplace.com\/es\/wp-json\/wp\/v2\/product_cat?post=1175"},{"taxonomy":"product_tag","embeddable":true,"href":"https:\/\/www.zegemfireplace.com\/es\/wp-json\/wp\/v2\/product_tag?post=1175"}],"curies":[{"name":"wp","href":"https:\/\/api.w.org\/{rel}","templated":true}]}}