{"id":1197,"date":"2024-11-07T14:33:34","date_gmt":"2024-11-07T06:33:34","guid":{"rendered":"https:\/\/www.zegemfireplace.com\/?post_type=product&#038;p=1197"},"modified":"2024-11-07T14:43:45","modified_gmt":"2024-11-07T06:43:45","slug":"freestanding-cast-iron-wood-stove-fireplace","status":"publish","type":"product","link":"https:\/\/www.zegemfireplace.com\/es\/producto\/freestanding-cast-iron-wood-stove-fireplace\/","title":{"rendered":"Chimenea independiente con estufa de le\u00f1a de hierro fundido"},"content":{"rendered":"<p><img fetchpriority=\"high\" decoding=\"async\" class=\"alignleft size-medium wp-image-1199\" src=\"http:\/\/www.zegemfireplace.com\/wp-content\/uploads\/2024\/11\/\u5fae\u4fe1\u56fe\u7247_20241105160806-225x300.jpg\" alt=\"\" width=\"225\" height=\"300\" srcset=\"https:\/\/www.zegemfireplace.com\/wp-content\/uploads\/2024\/11\/\u5fae\u4fe1\u56fe\u7247_20241105160806-225x300.jpg 225w, https:\/\/www.zegemfireplace.com\/wp-content\/uploads\/2024\/11\/\u5fae\u4fe1\u56fe\u7247_20241105160806-768x1024.jpg 768w, https:\/\/www.zegemfireplace.com\/wp-content\/uploads\/2024\/11\/\u5fae\u4fe1\u56fe\u7247_20241105160806-1152x1536.jpg 1152w, https:\/\/www.zegemfireplace.com\/wp-content\/uploads\/2024\/11\/\u5fae\u4fe1\u56fe\u7247_20241105160806-9x12.jpg 9w, https:\/\/www.zegemfireplace.com\/wp-content\/uploads\/2024\/11\/\u5fae\u4fe1\u56fe\u7247_20241105160806-600x800.jpg 600w, https:\/\/www.zegemfireplace.com\/wp-content\/uploads\/2024\/11\/\u5fae\u4fe1\u56fe\u7247_20241105160806.jpg 1280w\" sizes=\"(max-width: 225px) 100vw, 225px\" \/><img decoding=\"async\" class=\"alignleft size-medium wp-image-1201\" src=\"http:\/\/www.zegemfireplace.com\/wp-content\/uploads\/2024\/11\/free-wood-300x225.jpg\" alt=\"\" width=\"300\" height=\"225\" srcset=\"https:\/\/www.zegemfireplace.com\/wp-content\/uploads\/2024\/11\/free-wood-300x225.jpg 300w, https:\/\/www.zegemfireplace.com\/wp-content\/uploads\/2024\/11\/free-wood-1024x768.jpg 1024w, https:\/\/www.zegemfireplace.com\/wp-content\/uploads\/2024\/11\/free-wood-768x576.jpg 768w, https:\/\/www.zegemfireplace.com\/wp-content\/uploads\/2024\/11\/free-wood-16x12.jpg 16w, https:\/\/www.zegemfireplace.com\/wp-content\/uploads\/2024\/11\/free-wood-600x450.jpg 600w, https:\/\/www.zegemfireplace.com\/wp-content\/uploads\/2024\/11\/free-wood.jpg 1136w\" sizes=\"(max-width: 300px) 100vw, 300px\" \/> <img decoding=\"async\" class=\"alignleft size-medium wp-image-1202\" src=\"http:\/\/www.zegemfireplace.com\/wp-content\/uploads\/2024\/11\/freestanding-wood-stove-225x300.jpg\" alt=\"\" width=\"225\" height=\"300\" srcset=\"https:\/\/www.zegemfireplace.com\/wp-content\/uploads\/2024\/11\/freestanding-wood-stove-225x300.jpg 225w, https:\/\/www.zegemfireplace.com\/wp-content\/uploads\/2024\/11\/freestanding-wood-stove-768x1024.jpg 768w, https:\/\/www.zegemfireplace.com\/wp-content\/uploads\/2024\/11\/freestanding-wood-stove-9x12.jpg 9w, https:\/\/www.zegemfireplace.com\/wp-content\/uploads\/2024\/11\/freestanding-wood-stove-600x800.jpg 600w, https:\/\/www.zegemfireplace.com\/wp-content\/uploads\/2024\/11\/freestanding-wood-stove.jpg 1080w\" sizes=\"(max-width: 225px) 100vw, 225px\" \/><\/p>\n<p>&nbsp;<\/p>\n<p>&nbsp;<\/p>\n<table>\n<tbody>\n<tr>\n<td width=\"284\">\u00a0Tama\u00f1o \/mm<\/td>\n<td width=\"284\">685x620x430 mm<\/td>\n<\/tr>\n<tr>\n<td width=\"284\">Altura tubo \/mm<\/td>\n<td width=\"284\">2000-10000mm o m\u00e1s<\/td>\n<\/tr>\n<tr>\n<td width=\"284\">Peso\/kg<\/td>\n<td width=\"284\">160<\/td>\n<\/tr>\n<tr>\n<td width=\"284\">Material principal<\/td>\n<td width=\"284\">Acero<\/td>\n<\/tr>\n<tr>\n<td width=\"284\">Ubicaci\u00f3n de la salida de humos<\/td>\n<td width=\"284\">Top<\/td>\n<\/tr>\n<tr>\n<td width=\"284\">Combustible<\/td>\n<td width=\"284\">Le\u00f1a seca<\/td>\n<\/tr>\n<tr>\n<td width=\"284\">Di\u00e1metro del tubo de humos<\/td>\n<td width=\"284\">150\/180 mm<\/td>\n<\/tr>\n<tr>\n<td width=\"284\">Zona c\u00e1lida<\/td>\n<td width=\"284\">100-120 metros cuadrados<\/td>\n<\/tr>\n<tr>\n<td width=\"284\">Color<\/td>\n<td width=\"284\">Negro<\/td>\n<\/tr>\n<tr>\n<td width=\"284\">Modelo<\/td>\n<td width=\"284\">H1000<\/td>\n<\/tr>\n<tr>\n<td width=\"284\">Pintura de superficie<\/td>\n<td width=\"284\">Pintura resistente al calor American Forest<\/td>\n<\/tr>\n<tr>\n<td width=\"284\">Visor de incendios<\/td>\n<td width=\"284\">Cristal alem\u00e1n Schott resistente al calor<\/td>\n<\/tr>\n<\/tbody>\n<\/table>\n<p>&nbsp;<\/p>","protected":false},"excerpt":{"rendered":"<p>&nbsp; &nbsp; \u00a0Tama\u00f1o \/mm 685x620x430 mm Altura tubo \/mm 2000-10000mm o m\u00e1s Peso\/kg 160 Material principal Acero Ubicaci\u00f3n de salida de humos Superior Combustible Le\u00f1a seca Di\u00e1metro del tubo de humos 150\/180mm \u00c1rea caliente 100-120 Metros cuadrados Color Negro Modelo H1000 Pintura de superficie Pintura resistente al calor American Forest Vidrio de visi\u00f3n del fuego Vidrio resistente al calor German Schott &nbsp;<\/p>","protected":false},"featured_media":1203,"comment_status":"open","ping_status":"closed","template":"","meta":{"_kad_post_transparent":"default","_kad_post_title":"","_kad_post_layout":"default","_kad_post_sidebar_id":"","_kad_post_content_style":"default","_kad_post_vertical_padding":"default","_kad_post_feature":"","_kad_post_feature_position":"","_kad_post_header":false,"_kad_post_footer":false,"_kad_post_classname":""},"product_brand":[],"product_cat":[31],"product_tag":[],"class_list":{"0":"post-1197","1":"product","2":"type-product","3":"status-publish","4":"has-post-thumbnail","6":"product_cat-wood-stove","8":"first","9":"instock","10":"shipping-taxable","11":"product-type-simple","12":"entry","13":"content-bg","14":"loop-entry"},"_links":{"self":[{"href":"https:\/\/www.zegemfireplace.com\/es\/wp-json\/wp\/v2\/product\/1197","targetHints":{"allow":["GET"]}}],"collection":[{"href":"https:\/\/www.zegemfireplace.com\/es\/wp-json\/wp\/v2\/product"}],"about":[{"href":"https:\/\/www.zegemfireplace.com\/es\/wp-json\/wp\/v2\/types\/product"}],"replies":[{"embeddable":true,"href":"https:\/\/www.zegemfireplace.com\/es\/wp-json\/wp\/v2\/comments?post=1197"}],"wp:featuredmedia":[{"embeddable":true,"href":"https:\/\/www.zegemfireplace.com\/es\/wp-json\/wp\/v2\/media\/1203"}],"wp:attachment":[{"href":"https:\/\/www.zegemfireplace.com\/es\/wp-json\/wp\/v2\/media?parent=1197"}],"wp:term":[{"taxonomy":"product_brand","embeddable":true,"href":"https:\/\/www.zegemfireplace.com\/es\/wp-json\/wp\/v2\/product_brand?post=1197"},{"taxonomy":"product_cat","embeddable":true,"href":"https:\/\/www.zegemfireplace.com\/es\/wp-json\/wp\/v2\/product_cat?post=1197"},{"taxonomy":"product_tag","embeddable":true,"href":"https:\/\/www.zegemfireplace.com\/es\/wp-json\/wp\/v2\/product_tag?post=1197"}],"curies":[{"name":"wp","href":"https:\/\/api.w.org\/{rel}","templated":true}]}}