{"id":1216,"date":"2024-11-07T14:58:08","date_gmt":"2024-11-07T06:58:08","guid":{"rendered":"https:\/\/www.zegemfireplace.com\/?post_type=product&#038;p=1216"},"modified":"2024-11-07T15:00:07","modified_gmt":"2024-11-07T07:00:07","slug":"natural-gas-or-lgp-fire-pit-patio-heater-concrete-fire-pit-outside-outdoor-fireplace","status":"publish","type":"product","link":"https:\/\/www.zegemfireplace.com\/es\/producto\/natural-gas-or-lgp-fire-pit-patio-heater-concrete-fire-pit-outside-outdoor-fireplace\/","title":{"rendered":"Gas natural o LGP Fog\u00f3n Calentador de patio Fog\u00f3n de hormig\u00f3n Exterior Chimenea de exterior"},"content":{"rendered":"<p>Product : Gas fire pit outdoor<\/p>\n<p>Fuel : natural gas or LGP<br \/>\n<img fetchpriority=\"high\" decoding=\"async\" class=\"alignleft size-medium wp-image-1217\" src=\"http:\/\/www.zegemfireplace.com\/wp-content\/uploads\/2024\/11\/O1CN01bM3Faa2LXZPIJIh9O_2213244089702-0-cib-300x300.jpg\" alt=\"\" width=\"300\" height=\"300\" srcset=\"https:\/\/www.zegemfireplace.com\/wp-content\/uploads\/2024\/11\/O1CN01bM3Faa2LXZPIJIh9O_2213244089702-0-cib-300x300.jpg 300w, https:\/\/www.zegemfireplace.com\/wp-content\/uploads\/2024\/11\/O1CN01bM3Faa2LXZPIJIh9O_2213244089702-0-cib-150x150.jpg 150w, https:\/\/www.zegemfireplace.com\/wp-content\/uploads\/2024\/11\/O1CN01bM3Faa2LXZPIJIh9O_2213244089702-0-cib-768x768.jpg 768w, https:\/\/www.zegemfireplace.com\/wp-content\/uploads\/2024\/11\/O1CN01bM3Faa2LXZPIJIh9O_2213244089702-0-cib-12x12.jpg 12w, https:\/\/www.zegemfireplace.com\/wp-content\/uploads\/2024\/11\/O1CN01bM3Faa2LXZPIJIh9O_2213244089702-0-cib-600x600.jpg 600w, https:\/\/www.zegemfireplace.com\/wp-content\/uploads\/2024\/11\/O1CN01bM3Faa2LXZPIJIh9O_2213244089702-0-cib-100x100.jpg 100w, https:\/\/www.zegemfireplace.com\/wp-content\/uploads\/2024\/11\/O1CN01bM3Faa2LXZPIJIh9O_2213244089702-0-cib.jpg 800w\" sizes=\"(max-width: 300px) 100vw, 300px\" \/> <img decoding=\"async\" class=\"alignleft size-medium wp-image-1218\" src=\"http:\/\/www.zegemfireplace.com\/wp-content\/uploads\/2024\/11\/O1CN01h4sNX32LXZPG2PlvW_2213244089702-0-cib-300x300.jpg\" alt=\"\" width=\"300\" height=\"300\" srcset=\"https:\/\/www.zegemfireplace.com\/wp-content\/uploads\/2024\/11\/O1CN01h4sNX32LXZPG2PlvW_2213244089702-0-cib-300x300.jpg 300w, https:\/\/www.zegemfireplace.com\/wp-content\/uploads\/2024\/11\/O1CN01h4sNX32LXZPG2PlvW_2213244089702-0-cib-150x150.jpg 150w, https:\/\/www.zegemfireplace.com\/wp-content\/uploads\/2024\/11\/O1CN01h4sNX32LXZPG2PlvW_2213244089702-0-cib-768x768.jpg 768w, https:\/\/www.zegemfireplace.com\/wp-content\/uploads\/2024\/11\/O1CN01h4sNX32LXZPG2PlvW_2213244089702-0-cib-12x12.jpg 12w, https:\/\/www.zegemfireplace.com\/wp-content\/uploads\/2024\/11\/O1CN01h4sNX32LXZPG2PlvW_2213244089702-0-cib-600x600.jpg 600w, https:\/\/www.zegemfireplace.com\/wp-content\/uploads\/2024\/11\/O1CN01h4sNX32LXZPG2PlvW_2213244089702-0-cib-100x100.jpg 100w, https:\/\/www.zegemfireplace.com\/wp-content\/uploads\/2024\/11\/O1CN01h4sNX32LXZPG2PlvW_2213244089702-0-cib.jpg 800w\" sizes=\"(max-width: 300px) 100vw, 300px\" \/> <img decoding=\"async\" class=\"alignleft size-medium wp-image-1219\" src=\"http:\/\/www.zegemfireplace.com\/wp-content\/uploads\/2024\/11\/O1CN01Tr4QG42LXZPMmcIl8_2213244089702-0-cib-300x300.jpg\" alt=\"\" width=\"300\" height=\"300\" srcset=\"https:\/\/www.zegemfireplace.com\/wp-content\/uploads\/2024\/11\/O1CN01Tr4QG42LXZPMmcIl8_2213244089702-0-cib-300x300.jpg 300w, https:\/\/www.zegemfireplace.com\/wp-content\/uploads\/2024\/11\/O1CN01Tr4QG42LXZPMmcIl8_2213244089702-0-cib-150x150.jpg 150w, https:\/\/www.zegemfireplace.com\/wp-content\/uploads\/2024\/11\/O1CN01Tr4QG42LXZPMmcIl8_2213244089702-0-cib-768x768.jpg 768w, https:\/\/www.zegemfireplace.com\/wp-content\/uploads\/2024\/11\/O1CN01Tr4QG42LXZPMmcIl8_2213244089702-0-cib-12x12.jpg 12w, https:\/\/www.zegemfireplace.com\/wp-content\/uploads\/2024\/11\/O1CN01Tr4QG42LXZPMmcIl8_2213244089702-0-cib-600x600.jpg 600w, https:\/\/www.zegemfireplace.com\/wp-content\/uploads\/2024\/11\/O1CN01Tr4QG42LXZPMmcIl8_2213244089702-0-cib-100x100.jpg 100w, https:\/\/www.zegemfireplace.com\/wp-content\/uploads\/2024\/11\/O1CN01Tr4QG42LXZPMmcIl8_2213244089702-0-cib.jpg 800w\" sizes=\"(max-width: 300px) 100vw, 300px\" \/> <img loading=\"lazy\" decoding=\"async\" class=\"alignleft size-medium wp-image-1220\" src=\"http:\/\/www.zegemfireplace.com\/wp-content\/uploads\/2024\/11\/O1CN019iEhFl2LXZPIQHmc2_2213244089702-0-cib-300x300.jpg\" alt=\"\" width=\"300\" height=\"300\" srcset=\"https:\/\/www.zegemfireplace.com\/wp-content\/uploads\/2024\/11\/O1CN019iEhFl2LXZPIQHmc2_2213244089702-0-cib-300x300.jpg 300w, https:\/\/www.zegemfireplace.com\/wp-content\/uploads\/2024\/11\/O1CN019iEhFl2LXZPIQHmc2_2213244089702-0-cib-150x150.jpg 150w, https:\/\/www.zegemfireplace.com\/wp-content\/uploads\/2024\/11\/O1CN019iEhFl2LXZPIQHmc2_2213244089702-0-cib-768x768.jpg 768w, https:\/\/www.zegemfireplace.com\/wp-content\/uploads\/2024\/11\/O1CN019iEhFl2LXZPIQHmc2_2213244089702-0-cib-12x12.jpg 12w, https:\/\/www.zegemfireplace.com\/wp-content\/uploads\/2024\/11\/O1CN019iEhFl2LXZPIQHmc2_2213244089702-0-cib-600x600.jpg 600w, https:\/\/www.zegemfireplace.com\/wp-content\/uploads\/2024\/11\/O1CN019iEhFl2LXZPIQHmc2_2213244089702-0-cib-100x100.jpg 100w, https:\/\/www.zegemfireplace.com\/wp-content\/uploads\/2024\/11\/O1CN019iEhFl2LXZPIQHmc2_2213244089702-0-cib.jpg 800w\" sizes=\"(max-width: 300px) 100vw, 300px\" \/><\/p>\n<p>&nbsp;<\/p>\n<p><img loading=\"lazy\" decoding=\"async\" class=\"alignleft wp-image-1208\" src=\"http:\/\/www.zegemfireplace.com\/wp-content\/uploads\/2024\/11\/gas-fireplace-outdoor-269x300.jpg\" alt=\"\" width=\"408\" height=\"455\" srcset=\"https:\/\/www.zegemfireplace.com\/wp-content\/uploads\/2024\/11\/gas-fireplace-outdoor-269x300.jpg 269w, https:\/\/www.zegemfireplace.com\/wp-content\/uploads\/2024\/11\/gas-fireplace-outdoor-11x12.jpg 11w, https:\/\/www.zegemfireplace.com\/wp-content\/uploads\/2024\/11\/gas-fireplace-outdoor-600x670.jpg 600w, https:\/\/www.zegemfireplace.com\/wp-content\/uploads\/2024\/11\/gas-fireplace-outdoor.jpg 728w\" sizes=\"(max-width: 408px) 100vw, 408px\" \/><\/p>\n<p><img loading=\"lazy\" decoding=\"async\" class=\"alignleft wp-image-1209\" src=\"http:\/\/www.zegemfireplace.com\/wp-content\/uploads\/2024\/11\/outdoor-gas-fireplace-300x245.jpg\" alt=\"\" width=\"484\" height=\"396\" srcset=\"https:\/\/www.zegemfireplace.com\/wp-content\/uploads\/2024\/11\/outdoor-gas-fireplace-300x245.jpg 300w, https:\/\/www.zegemfireplace.com\/wp-content\/uploads\/2024\/11\/outdoor-gas-fireplace-768x626.jpg 768w, https:\/\/www.zegemfireplace.com\/wp-content\/uploads\/2024\/11\/outdoor-gas-fireplace-15x12.jpg 15w\" sizes=\"(max-width: 484px) 100vw, 484px\" \/><\/p>\n<p>&nbsp;<\/p>\n<p>&nbsp;<\/p>\n<p>&nbsp;<\/p>\n<p>&nbsp;<\/p>\n<p>&nbsp;<\/p>\n<p>&nbsp;<\/p>\n<p>&nbsp;<\/p>\n<p>&nbsp;<\/p>\n<p>&nbsp;<\/p>","protected":false},"excerpt":{"rendered":"<p>Producto : Fog\u00f3n de gas para exterior Combustible : gas natural o LGP &nbsp; &nbsp; &nbsp; &nbsp; &nbsp; &nbsp; &nbsp; &nbsp; &nbsp; &nbsp;<\/p>","protected":false},"featured_media":1218,"comment_status":"open","ping_status":"closed","template":"","meta":{"_kad_post_transparent":"default","_kad_post_title":"","_kad_post_layout":"default","_kad_post_sidebar_id":"","_kad_post_content_style":"default","_kad_post_vertical_padding":"default","_kad_post_feature":"","_kad_post_feature_position":"","_kad_post_header":false,"_kad_post_footer":false,"_kad_post_classname":""},"product_brand":[],"product_cat":[27],"product_tag":[],"class_list":{"0":"post-1216","1":"product","2":"type-product","3":"status-publish","4":"has-post-thumbnail","6":"product_cat-outdoor-fireplace","8":"first","9":"instock","10":"shipping-taxable","11":"product-type-simple","12":"entry","13":"content-bg","14":"loop-entry"},"_links":{"self":[{"href":"https:\/\/www.zegemfireplace.com\/es\/wp-json\/wp\/v2\/product\/1216","targetHints":{"allow":["GET"]}}],"collection":[{"href":"https:\/\/www.zegemfireplace.com\/es\/wp-json\/wp\/v2\/product"}],"about":[{"href":"https:\/\/www.zegemfireplace.com\/es\/wp-json\/wp\/v2\/types\/product"}],"replies":[{"embeddable":true,"href":"https:\/\/www.zegemfireplace.com\/es\/wp-json\/wp\/v2\/comments?post=1216"}],"wp:featuredmedia":[{"embeddable":true,"href":"https:\/\/www.zegemfireplace.com\/es\/wp-json\/wp\/v2\/media\/1218"}],"wp:attachment":[{"href":"https:\/\/www.zegemfireplace.com\/es\/wp-json\/wp\/v2\/media?parent=1216"}],"wp:term":[{"taxonomy":"product_brand","embeddable":true,"href":"https:\/\/www.zegemfireplace.com\/es\/wp-json\/wp\/v2\/product_brand?post=1216"},{"taxonomy":"product_cat","embeddable":true,"href":"https:\/\/www.zegemfireplace.com\/es\/wp-json\/wp\/v2\/product_cat?post=1216"},{"taxonomy":"product_tag","embeddable":true,"href":"https:\/\/www.zegemfireplace.com\/es\/wp-json\/wp\/v2\/product_tag?post=1216"}],"curies":[{"name":"wp","href":"https:\/\/api.w.org\/{rel}","templated":true}]}}