{"id":1339,"date":"2025-05-26T14:49:38","date_gmt":"2025-05-26T06:49:38","guid":{"rendered":"https:\/\/www.zegemfireplace.com\/?post_type=product&#038;p=1339"},"modified":"2025-05-26T14:49:38","modified_gmt":"2025-05-26T06:49:38","slug":"outdoor-gas-fireplace-dfn101","status":"publish","type":"product","link":"https:\/\/www.zegemfireplace.com\/es\/producto\/outdoor-gas-fireplace-dfn101\/","title":{"rendered":"Chimenea de gas para exteriores, DFN101"},"content":{"rendered":"<p><strong><span style=\"font-family: 'times new roman', times; font-size: 24px;\">Descripci\u00f3n:<\/span><\/strong><\/p>\n<table style=\"border-collapse: collapse; border-style: solid; background-color: #ffffff; width: 80%;\" border=\"1\">\n<tbody>\n<tr>\n<td><span style=\"font-size: 16px;\">Calefactor de exterior para terrazas Mushroom<\/span><\/td>\n<\/tr>\n<\/tbody>\n<\/table>\n<p><span style=\"font-size: 16px;\"><img alt=\"\" \/><img alt=\"\" \/><\/span><\/p>\n<table style=\"border-collapse: collapse; border-style: solid; background-color: #ffffff; width: 80%;\" border=\"1\">\n<tbody>\n<tr>\n<td><span style=\"font-size: 16px;\">Material<\/span><\/td>\n<td><span style=\"font-size: 16px;\">Acero inoxidable<\/span><\/td>\n<\/tr>\n<tr>\n<td><span style=\"font-size: 16px;\">Potencia calor\u00edfica<\/span><\/td>\n<td><span style=\"font-size: 16px;\">m\u00e1x. 11-13,5 kW (450-870g\/h)<\/span><\/td>\n<\/tr>\n<tr>\n<td><span style=\"font-size: 16px;\">Base<\/span><\/td>\n<td><span style=\"font-size: 16px;\">\u00a0Di\u00e1metro: 460 mm x 90 mm (H) x 0,8 mm (T)<\/span><\/td>\n<\/tr>\n<tr>\n<td><span style=\"font-size: 16px;\">Barra de apoyo<\/span><\/td>\n<td><span style=\"font-size: 16px;\">20mm x 20mm x 723mm(H) x 1.0mm(T)<\/span><\/td>\n<\/tr>\n<tr>\n<td><span style=\"font-size: 16px;\">Poste:Dia<\/span><\/td>\n<td><span style=\"font-size: 16px;\">\u03a665mm x 435mm(T)+\u03a665mm x 625mm(T)<\/span><\/td>\n<\/tr>\n<tr>\n<td><span style=\"font-size: 16px;\">\u00a0Pantalla de llamas<\/span><\/td>\n<td><span style=\"font-size: 16px;\">\u00a0Dia: 275mm x 230mm(H) x 0.6mm(T)\u00a0<\/span><\/td>\n<\/tr>\n<tr>\n<td><span style=\"font-size: 16px;\">\u00a0Reflector<\/span><\/td>\n<td><span style=\"font-size: 16px;\">\u00a0Di\u00e1metro: 813 mm x 86 mm (profundidad) en aluminio<\/span><\/td>\n<\/tr>\n<tr>\n<td><span style=\"font-size: 16px;\">\u00a0Altura total<\/span><\/td>\n<td><span style=\"font-size: 16px;\">\u00a02250mm(H)<\/span><\/td>\n<\/tr>\n<tr>\n<td><span style=\"font-size: 16px;\">\u00a0Consumo<\/span><\/td>\n<td><span style=\"font-size: 16px;\">\u00a0\u00a0450 g\/h - 870 g\/h<\/span><\/td>\n<\/tr>\n<tr>\n<td><span style=\"font-size: 16px;\">\u00a0Combustible<\/span><\/td>\n<td><span style=\"font-size: 16px;\">\u00a0\u00a0Propano; butano o GLP<\/span><\/td>\n<\/tr>\n<\/tbody>\n<\/table>\n<p>&nbsp;<\/p>\n<p>&nbsp;<\/p>\n<p><img fetchpriority=\"high\" decoding=\"async\" src=\"\/\/sc04.alicdn.com\/kf\/H4f5c109c554844e5824bbd7773968910s\/202845042\/H4f5c109c554844e5824bbd7773968910s.jpg\" width=\"796\" height=\"671\" \/><\/p>\n<p>&nbsp;<\/p>\n<p>&nbsp;<\/p>\n<p><img decoding=\"async\" src=\"\/\/sc04.alicdn.com\/kf\/Hc89b379c666341a5b4687228805e7a14o\/202845042\/Hc89b379c666341a5b4687228805e7a14o.jpg\" width=\"745\" height=\"821\" \/><\/p>\n<p>&nbsp;<\/p>\n<p><img decoding=\"async\" src=\"\/\/sc04.alicdn.com\/kf\/Hb4ed362a0dbc4cbd8c5ef827a1dc941b0\/202845042\/Hb4ed362a0dbc4cbd8c5ef827a1dc941b0.jpg\" width=\"756\" height=\"542\" \/><\/p>\n<p><img loading=\"lazy\" decoding=\"async\" src=\"\/\/sc04.alicdn.com\/kf\/H2a8843c8358f4f41b7d6f095a7d2f5e8L\/202845042\/H2a8843c8358f4f41b7d6f095a7d2f5e8L.jpg\" width=\"796\" height=\"968\" \/><\/p>\n<p style=\"margin: 0px; padding: 0px; color: #000000; font-style: normal; font-weight: 400; background-color: #ffffff; box-sizing: border-box; font-size: 14px; line-height: inherit; font-family: Arial, Helvetica, sans-serif;\"><strong><span style=\"line-height: 39px; box-sizing: border-box; margin: 0px; padding: 0px; font-size: 26px;\"><span style=\"line-height: 39px; box-sizing: border-box; margin: 0px; padding: 0px; font-family: 'times new roman', times, serif;\">Garant\u00eda :<\/span><\/span><\/strong><\/p>\n<div style=\"color: #000000; font-style: normal; font-weight: 400; background-color: #ffffff; box-sizing: content-box; margin: 0px; padding: 0px; font-size: 14px; font-family: arial; line-height: 18px;\" align=\"start\"><span style=\"line-height: 30px; box-sizing: border-box; margin: 0px; padding: 0px; font-size: 20px;\"><span style=\"line-height: 30px; box-sizing: border-box; margin: 0px; padding: 0px; font-family: 'times new roman', times, serif;\">1.La garant\u00eda es de 12 meses<\/span><\/span><\/div>\n<div style=\"color: #000000; font-style: normal; font-weight: 400; background-color: #ffffff; box-sizing: content-box; margin: 0px; padding: 0px; font-size: 14px; font-family: arial; line-height: 18px;\" align=\"start\"><span style=\"line-height: 30px; box-sizing: border-box; margin: 0px; padding: 0px; font-size: 20px;\"><span style=\"line-height: 30px; box-sizing: border-box; margin: 0px; padding: 0px; font-family: 'times new roman', times, serif;\">2.Mantener el servicio de por vida\u00a0<\/span><\/span><\/div>\n<div style=\"color: #000000; font-style: normal; font-weight: 400; background-color: #ffffff; box-sizing: content-box; margin: 0px; padding: 0px; font-size: 14px; font-family: arial; line-height: 18px;\" align=\"start\"><span style=\"line-height: 30px; box-sizing: border-box; margin: 0px; padding: 0px; font-size: 20px;\"><span style=\"line-height: 30px; box-sizing: border-box; margin: 0px; padding: 0px; font-family: 'times new roman', times, serif;\">3. En el plazo de 12 meses, si la necesidad substituye algunas piezas, le enviaremos gratis y enviaremos<\/span><\/span><\/div>\n<div style=\"color: #000000; font-style: normal; font-weight: 400; background-color: #ffffff; box-sizing: content-box; margin: 0px; padding: 0px; font-size: 14px; font-family: arial; line-height: 18px;\" align=\"start\"><span style=\"line-height: 30px; box-sizing: border-box; margin: 0px; padding: 0px; font-size: 20px;\"><span style=\"line-height: 30px; box-sizing: border-box; margin: 0px; padding: 0px; font-family: 'times new roman', times, serif;\">v\u00eddeo para ense\u00f1arle a utilizarlo . Despu\u00e9s de\u00a0<\/span><\/span><span style=\"line-height: 30px; box-sizing: border-box; margin: 0px; padding: 0px; font-size: 20px; font-family: 'times new roman', times, serif;\">12 meses<\/span><span style=\"line-height: 30px; box-sizing: border-box; margin: 0px; padding: 0px; font-size: 20px;\"><span style=\"line-height: 30px; box-sizing: border-box; margin: 0px; padding: 0px; font-family: 'times new roman', times, serif;\">\u00a0Ofrecemos piezas a precio de mercado.<\/span><\/span><\/div>\n<div style=\"color: #000000; font-style: normal; font-weight: 400; background-color: #ffffff; box-sizing: content-box; margin: 0px; padding: 0px; font-size: 14px; font-family: arial; line-height: 18px;\" align=\"start\"><span style=\"line-height: 30px; box-sizing: border-box; margin: 0px; padding: 0px; font-size: 20px;\"><span style=\"line-height: 30px; box-sizing: border-box; margin: 0px; padding: 0px; font-family: 'times new roman', times, serif;\">4.Any pregunta, pero ninguna necesidad substituye piezas, nosotros le ayudar\u00e1 a solucionarlo en el plazo de 24 horas\u00a0<\/span><\/span><\/div>\n<div style=\"color: #000000; font-style: normal; font-weight: 400; background-color: #ffffff; box-sizing: content-box; margin: 0px; padding: 0px; font-size: 14px; font-family: arial; line-height: 18px;\" align=\"start\"><\/div>\n<p style=\"margin: 0px; padding: 0px; color: #000000; font-style: normal; font-weight: 400; background-color: #ffffff; box-sizing: border-box; font-size: 14px; line-height: inherit; font-family: Arial, Helvetica, sans-serif;\" align=\"start\"><span style=\"line-height: 27px; box-sizing: border-box; margin: 0px; padding: 0px; font-size: 18px; font-family: Calibri;\"><strong>Somos fabricantes de todo tipo de chimeneas el\u00e9ctricas, incluyendo chimeneas de inserci\u00f3n, chimeneas de agua 3D, chimeneas de pared, etc.<\/strong><\/span><\/p>\n<p style=\"margin: 0px; padding: 0px; color: #000000; font-style: normal; font-weight: 400; background-color: #ffffff; box-sizing: border-box; font-size: 14px; line-height: inherit; font-family: Arial, Helvetica, sans-serif;\" align=\"start\"><span style=\"line-height: 27px; box-sizing: border-box; margin: 0px; padding: 0px; font-size: 18px; font-family: Calibri;\"><strong>Si nos indica sus necesidades detalladas, le recomendaremos el modelo adecuado.<\/strong><\/span><\/p>\n<p style=\"margin: 0px; padding: 0px; color: #000000; font-style: normal; font-weight: 400; background-color: #ffffff; box-sizing: border-box; font-size: 14px; line-height: inherit; font-family: Arial, Helvetica, sans-serif;\" align=\"start\"><span style=\"line-height: 27px; box-sizing: border-box; margin: 0px; padding: 0px; font-size: 18px; font-family: Calibri;\"><strong>tenemos tama\u00f1o de 500mm-3000mm o cualquier tama\u00f1o, forma de personalizaci\u00f3n.<\/strong><\/span><\/p>\n<p style=\"margin: 0px; padding: 0px; color: #000000; font-style: normal; font-weight: 400; background-color: #ffffff; box-sizing: border-box; font-size: 14px; line-height: inherit; font-family: Arial, Helvetica, sans-serif;\" align=\"start\"><span style=\"line-height: 27px; box-sizing: border-box; margin: 0px; padding: 0px; font-size: 18px; font-family: Calibri;\"><strong>si tiene alguna pregunta, p\u00f3ngase en contacto con<\/strong><\/span><\/p>","protected":false},"excerpt":{"rendered":"<p>Descripci\u00f3n: Seta Calentador de Patio al aire libre Material Acero inoxidable Salida de calor m\u00e1x. 11-13.5 kW (450-870g\/h) Base Dia: 460mm x 90mm (H) x 0.8mm(T) Barra de soporte 20mm x 20mm x 723mm(H) x 1.0mm(T) M\u00e1stil:Dia \u03a665mm x 435mm(T)+\u03a665mm x 625mm(T) Pantalla de Llama Dia: 275mm x 230mm(H) x 0.6mm(T) Reflector Dia: 813mm x 86mm(D) en Aluminio Altura Total 2250mm(H)...<\/p>","protected":false},"featured_media":1340,"comment_status":"open","ping_status":"closed","template":"","meta":{"_kad_post_transparent":"default","_kad_post_title":"","_kad_post_layout":"default","_kad_post_sidebar_id":"","_kad_post_content_style":"default","_kad_post_vertical_padding":"default","_kad_post_feature":"","_kad_post_feature_position":"","_kad_post_header":false,"_kad_post_footer":false,"_kad_post_classname":""},"product_brand":[],"product_cat":[27],"product_tag":[],"class_list":{"0":"post-1339","1":"product","2":"type-product","3":"status-publish","4":"has-post-thumbnail","6":"product_cat-outdoor-fireplace","8":"first","9":"instock","10":"shipping-taxable","11":"product-type-simple","12":"entry","13":"content-bg","14":"loop-entry"},"_links":{"self":[{"href":"https:\/\/www.zegemfireplace.com\/es\/wp-json\/wp\/v2\/product\/1339","targetHints":{"allow":["GET"]}}],"collection":[{"href":"https:\/\/www.zegemfireplace.com\/es\/wp-json\/wp\/v2\/product"}],"about":[{"href":"https:\/\/www.zegemfireplace.com\/es\/wp-json\/wp\/v2\/types\/product"}],"replies":[{"embeddable":true,"href":"https:\/\/www.zegemfireplace.com\/es\/wp-json\/wp\/v2\/comments?post=1339"}],"wp:featuredmedia":[{"embeddable":true,"href":"https:\/\/www.zegemfireplace.com\/es\/wp-json\/wp\/v2\/media\/1340"}],"wp:attachment":[{"href":"https:\/\/www.zegemfireplace.com\/es\/wp-json\/wp\/v2\/media?parent=1339"}],"wp:term":[{"taxonomy":"product_brand","embeddable":true,"href":"https:\/\/www.zegemfireplace.com\/es\/wp-json\/wp\/v2\/product_brand?post=1339"},{"taxonomy":"product_cat","embeddable":true,"href":"https:\/\/www.zegemfireplace.com\/es\/wp-json\/wp\/v2\/product_cat?post=1339"},{"taxonomy":"product_tag","embeddable":true,"href":"https:\/\/www.zegemfireplace.com\/es\/wp-json\/wp\/v2\/product_tag?post=1339"}],"curies":[{"name":"wp","href":"https:\/\/api.w.org\/{rel}","templated":true}]}}