{"id":1366,"date":"2025-07-21T16:27:23","date_gmt":"2025-07-21T08:27:23","guid":{"rendered":"https:\/\/www.zegemfireplace.com\/?post_type=product&#038;p=1366"},"modified":"2025-07-21T16:27:23","modified_gmt":"2025-07-21T08:27:23","slug":"real-fire-burning-indoor-heater-wood-stove-fireplace-homestay-oven","status":"publish","type":"product","link":"https:\/\/www.zegemfireplace.com\/es\/producto\/real-fire-burning-indoor-heater-wood-stove-fireplace-homestay-oven\/","title":{"rendered":"Fuego real quema calentador de interior estufa de le\u00f1a chimenea homestay horno"},"content":{"rendered":"<p><span data-spm-anchor-id=\"a2700.details-description.0.i0.14afs0N5s0N5VH\">Par\u00e1metros del producto<\/span><\/p>\n<p><img fetchpriority=\"high\" decoding=\"async\" src=\"https:\/\/sc04.alicdn.com\/kf\/H7f5a3975412e4770b05b718d02a548f1D\/202845042\/H7f5a3975412e4770b05b718d02a548f1D.jpg\" alt=\"Real Fire Burning Indoor Heater Wood Stove Fireplace for Living Room Decoration Self-Built Villa Homestay Oven\" width=\"683\" height=\"790\" data-src=\"\/\/sc04.alicdn.com\/kf\/H7f5a3975412e4770b05b718d02a548f1D\/202845042\/H7f5a3975412e4770b05b718d02a548f1D.jpg\" data-alt=\"Real Fire Burning Indoor Heater Wood Stove Fireplace for Living Room Decoration Self-Built Villa Homestay Oven\" data-width=\"683\" data-height=\"790\" \/><\/p>\n<table border=\"1\">\n<tbody>\n<tr>\n<td>Tama\u00f1o del producto<\/td>\n<td>1070*1030*800 1070*700 (frontal)<\/td>\n<\/tr>\n<tr>\n<td>Tama\u00f1o del embalaje<\/td>\n<td>900*1120*1370<\/td>\n<\/tr>\n<tr>\n<td>Tama\u00f1o del vidrio<\/td>\n<td>528*408 528*290<\/td>\n<\/tr>\n<tr>\n<td>Material principal<\/td>\n<td>chapa de acero de doble capa + tablero de vermiculita<\/td>\n<\/tr>\n<tr>\n<td>Zona de calefacci\u00f3n<\/td>\n<td>100-130 metros cuadrados<\/td>\n<\/tr>\n<tr>\n<td>Di\u00e1metro de salida de humos<\/td>\n<td>150 mm<\/td>\n<\/tr>\n<tr>\n<td>Posici\u00f3n de salida de humos<\/td>\n<td>salida de humos superior<\/td>\n<\/tr>\n<tr>\n<td>Pintura de superficie<\/td>\n<td>Pintura resistente a altas temperaturas American forest<\/td>\n<\/tr>\n<tr>\n<td>Visor de incendios<\/td>\n<td>Vidrio alem\u00e1n Schott resistente a altas temperaturas<\/td>\n<\/tr>\n<\/tbody>\n<\/table>\n<p>&nbsp;<\/p>\n<p>1.Exquisite furnace body made of real steel<br \/>\nPreferred imported Australian high-carbon steel casting, double-layer steel plate + 3 cm thick vermiculite plate, good material, high heat preservation.<\/p>\n<p><img decoding=\"async\" src=\"https:\/\/sc04.alicdn.com\/kf\/H6551d570774447c6b758f1ba01769ed4b\/202845042\/H6551d570774447c6b758f1ba01769ed4b.png\" alt=\"Real Fire Burning Indoor Heater Wood Stove Fireplace for Living Room Decoration Self-Built Villa Homestay Oven\" width=\"750\" height=\"577.3809523809524\" data-src=\"\/\/sc04.alicdn.com\/kf\/H6551d570774447c6b758f1ba01769ed4b\/202845042\/H6551d570774447c6b758f1ba01769ed4b.png\" data-alt=\"Real Fire Burning Indoor Heater Wood Stove Fireplace for Living Room Decoration Self-Built Villa Homestay Oven\" data-width=\"792\" data-height=\"610\" \/><\/p>\n<p>2.Automatic air curtain cleaning technology<br \/>\nThe fire viewing glass is always bright and not disturbed by dust.<\/p>\n<p><img decoding=\"async\" src=\"https:\/\/sc04.alicdn.com\/kf\/Hc0c8abfd7d8c4042b788ee253dbf9c97K\/202845042\/Hc0c8abfd7d8c4042b788ee253dbf9c97K.png\" alt=\"Real Fire Burning Indoor Heater Wood Stove Fireplace for Living Room Decoration Self-Built Villa Homestay Oven\" width=\"750\" height=\"607.5949367088608\" data-src=\"\/\/sc04.alicdn.com\/kf\/Hc0c8abfd7d8c4042b788ee253dbf9c97K\/202845042\/Hc0c8abfd7d8c4042b788ee253dbf9c97K.png\" data-alt=\"Real Fire Burning Indoor Heater Wood Stove Fireplace for Living Room Decoration Self-Built Villa Homestay Oven\" data-width=\"792\" data-height=\"642\" \/><\/p>\n<p>3.German imported Schott micro-ceramic glass<br \/>\nresistant to 1200 degrees high temperature.<\/p>\n<p><img decoding=\"async\" src=\"https:\/\/sc04.alicdn.com\/kf\/H33106326d86d44919b50e9dc8bf479d5G\/202845042\/H33106326d86d44919b50e9dc8bf479d5G.png\" alt=\"Real Fire Burning Indoor Heater Wood Stove Fireplace for Living Room Decoration Self-Built Villa Homestay Oven\" width=\"750\" height=\"768.8848920863309\" data-src=\"\/\/sc04.alicdn.com\/kf\/H33106326d86d44919b50e9dc8bf479d5G\/202845042\/H33106326d86d44919b50e9dc8bf479d5G.png\" data-alt=\"Real Fire Burning Indoor Heater Wood Stove Fireplace for Living Room Decoration Self-Built Villa Homestay Oven\" data-width=\"791\" data-height=\"811\" \/><\/p>\n<p>4.La pintura resistente a altas temperaturas de la marca Forest, importada de Estados Unidos, tiene una textura fina y no desti\u00f1e.<\/p>\n<p><img decoding=\"async\" src=\"https:\/\/sc04.alicdn.com\/kf\/H7eea6e89379243f3bf32bb40ace85c323\/202845042\/H7eea6e89379243f3bf32bb40ace85c323.png\" alt=\"Real Fire Burning Indoor Heater Wood Stove Fireplace for Living Room Decoration Self-Built Villa Homestay Oven\" width=\"750\" height=\"557.0866141732283\" data-src=\"\/\/sc04.alicdn.com\/kf\/H7eea6e89379243f3bf32bb40ace85c323\/202845042\/H7eea6e89379243f3bf32bb40ace85c323.png\" data-alt=\"Real Fire Burning Indoor Heater Wood Stove Fireplace for Living Room Decoration Self-Built Villa Homestay Oven\" \/><\/p>\n<p>5.The Forest brand high temperature resistant paint imported from the United States has a fine texture and does not fade.<\/p>\n<p>Product installation diagram<\/p>\n<p><img decoding=\"async\" src=\"https:\/\/sc04.alicdn.com\/kf\/H54974aaee0864fb8a5fced80c0489318a\/202845042\/H54974aaee0864fb8a5fced80c0489318a.png\" alt=\"Real Fire Burning Indoor Heater Wood Stove Fireplace for Living Room Decoration Self-Built Villa Homestay Oven\" width=\"750\" height=\"594.3557582668187\" data-src=\"\/\/sc04.alicdn.com\/kf\/H54974aaee0864fb8a5fced80c0489318a\/202845042\/H54974aaee0864fb8a5fced80c0489318a.png\" data-alt=\"Real Fire Burning Indoor Heater Wood Stove Fireplace for Living Room Decoration Self-Built Villa Homestay Oven\" data-width=\"794\" data-height=\"630\" \/><\/p>\n<p>&nbsp;<\/p>\n<p><img decoding=\"async\" src=\"https:\/\/sc04.alicdn.com\/kf\/Ha8fc9c37305b4f79874decac9d4bf198G\/202845042\/Ha8fc9c37305b4f79874decac9d4bf198G.png\" alt=\"Real Fire Burning Indoor Heater Wood Stove Fireplace for Living Room Decoration Self-Built Villa Homestay Oven\" width=\"750\" height=\"564.3203883495146\" data-src=\"\/\/sc04.alicdn.com\/kf\/Ha8fc9c37305b4f79874decac9d4bf198G\/202845042\/Ha8fc9c37305b4f79874decac9d4bf198G.png\" data-alt=\"Real Fire Burning Indoor Heater Wood Stove Fireplace for Living Room Decoration Self-Built Villa Homestay Oven\" \/><\/p>\n<p>We have electric fireplaces, water fireplaces, ethanol<\/p>\n<p>fireplaces, wood-burning fireplaces and gas fireplaces.<\/p>\n<p>&nbsp;<\/p>\n<p><strong>Garant\u00eda :<\/strong><\/p>\n<div align=\"start\">1.La garant\u00eda es de 12 meses<\/div>\n<div align=\"start\">2.Mantener el servicio de por vida<\/div>\n<div align=\"start\">3. En el plazo de 12 meses, si la necesidad substituye algunas piezas, le enviaremos gratis y enviaremos<\/div>\n<div align=\"start\">v\u00eddeo para ense\u00f1arle c\u00f3mo usarlo. Despu\u00e9s de 12 meses, ofreceremos piezas en precio de mercado.<\/div>\n<div align=\"start\">4.Any pregunta, pero ninguna necesidad substituye piezas, nosotros le ayudar\u00e1 a solucionarlo en el plazo de 24 horas<\/div>\n<div align=\"start\"><img decoding=\"async\" src=\"https:\/\/sc04.alicdn.com\/kf\/H36244840cff64ebba331349cc61369af8\/202845042\/H36244840cff64ebba331349cc61369af8.jpg\" alt=\"Real Fire Burning Indoor Heater Wood Stove Fireplace for Living Room Decoration Self-Built Villa Homestay Oven\" width=\"750\" height=\"562.5\" data-src=\"https:\/\/sc04.alicdn.com\/kf\/H36244840cff64ebba331349cc61369af8\/202845042\/H36244840cff64ebba331349cc61369af8.jpg\" data-alt=\"Real Fire Burning Indoor Heater Wood Stove Fireplace for Living Room Decoration Self-Built Villa Homestay Oven\" data-width=\"773\" data-height=\"579\" \/><\/div>\n<div align=\"start\"><\/div>\n<p align=\"start\"><strong data-spm-anchor-id=\"a2700.details-description.0.i1.14afs0N5s0N5VH\">Somos fabricantes de todo tipo de chimeneas el\u00e9ctricas, incluyendo chimeneas de inserci\u00f3n, chimeneas de agua 3D, chimeneas de pared, etc.<\/strong><\/p>\n<p align=\"start\"><strong>Si nos indica sus necesidades detalladas, le recomendaremos el modelo adecuado.<\/strong><\/p>\n<p align=\"start\"><strong>tenemos tama\u00f1o de 500mm-3000mm o cualquier tama\u00f1o, forma de personalizaci\u00f3n.<\/strong><\/p>\n<div style=\"width: 360px;\" class=\"wp-video\"><video class=\"wp-video-shortcode\" id=\"video-1366-1\" width=\"360\" height=\"480\" preload=\"metadata\" controls=\"controls\"><source type=\"video\/mp4\" src=\"https:\/\/www.zegemfireplace.com\/wp-content\/uploads\/2025\/07\/\u8f6c\u89d2\u7089\u89c6\u9891.mp4?_=1\" \/><a href=\"https:\/\/www.zegemfireplace.com\/wp-content\/uploads\/2025\/07\/\u8f6c\u89d2\u7089\u89c6\u9891.mp4\">https:\/\/www.zegemfireplace.com\/wp-content\/uploads\/2025\/07\/\u8f6c\u89d2\u7089\u89c6\u9891.mp4<\/a><\/video><\/div>\n<p>&nbsp;<\/p>\n<p>&nbsp;<\/p>","protected":false},"excerpt":{"rendered":"<p>Par\u00e1metros del producto Tama\u00f1o del producto 1070*1030*800 1070*700 (frontal) Tama\u00f1o del embalaje 900*1120*1370 Tama\u00f1o del vidrio 528*408 528*290 Material principal chapa de acero de doble capa + tablero de vermiculita \u00c1rea de calentamiento 100-130 metros cuadrados Di\u00e1metro de salida de humos 150mm Posici\u00f3n de salida de humos superior Pintura de superficie Pintura de alta resistencia a la temperatura American forest Vidrio de visi\u00f3n de incendios Vidrio de alta resistencia a la temperatura German Schott ...<\/p>","protected":false},"featured_media":1369,"comment_status":"open","ping_status":"closed","template":"","meta":{"_kad_post_transparent":"default","_kad_post_title":"","_kad_post_layout":"default","_kad_post_sidebar_id":"","_kad_post_content_style":"default","_kad_post_vertical_padding":"default","_kad_post_feature":"","_kad_post_feature_position":"","_kad_post_header":false,"_kad_post_footer":false,"_kad_post_classname":""},"product_brand":[],"product_cat":[31],"product_tag":[],"class_list":{"0":"post-1366","1":"product","2":"type-product","3":"status-publish","4":"has-post-thumbnail","6":"product_cat-wood-stove","8":"first","9":"instock","10":"shipping-taxable","11":"product-type-simple","12":"entry","13":"content-bg","14":"loop-entry"},"_links":{"self":[{"href":"https:\/\/www.zegemfireplace.com\/es\/wp-json\/wp\/v2\/product\/1366","targetHints":{"allow":["GET"]}}],"collection":[{"href":"https:\/\/www.zegemfireplace.com\/es\/wp-json\/wp\/v2\/product"}],"about":[{"href":"https:\/\/www.zegemfireplace.com\/es\/wp-json\/wp\/v2\/types\/product"}],"replies":[{"embeddable":true,"href":"https:\/\/www.zegemfireplace.com\/es\/wp-json\/wp\/v2\/comments?post=1366"}],"wp:featuredmedia":[{"embeddable":true,"href":"https:\/\/www.zegemfireplace.com\/es\/wp-json\/wp\/v2\/media\/1369"}],"wp:attachment":[{"href":"https:\/\/www.zegemfireplace.com\/es\/wp-json\/wp\/v2\/media?parent=1366"}],"wp:term":[{"taxonomy":"product_brand","embeddable":true,"href":"https:\/\/www.zegemfireplace.com\/es\/wp-json\/wp\/v2\/product_brand?post=1366"},{"taxonomy":"product_cat","embeddable":true,"href":"https:\/\/www.zegemfireplace.com\/es\/wp-json\/wp\/v2\/product_cat?post=1366"},{"taxonomy":"product_tag","embeddable":true,"href":"https:\/\/www.zegemfireplace.com\/es\/wp-json\/wp\/v2\/product_tag?post=1366"}],"curies":[{"name":"wp","href":"https:\/\/api.w.org\/{rel}","templated":true}]}}