{"id":1380,"date":"2025-08-06T16:40:55","date_gmt":"2025-08-06T08:40:55","guid":{"rendered":"https:\/\/www.zegemfireplace.com\/?post_type=product&#038;p=1380"},"modified":"2025-08-06T16:40:55","modified_gmt":"2025-08-06T08:40:55","slug":"holographic-fireplace-aquarium","status":"publish","type":"product","link":"https:\/\/www.zegemfireplace.com\/es\/producto\/holographic-fireplace-aquarium\/","title":{"rendered":"Chimenea hologr\u00e1fica, acuario"},"content":{"rendered":"<div style=\"width: 640px;\" class=\"wp-video\"><video class=\"wp-video-shortcode\" id=\"video-1380-1\" width=\"640\" height=\"368\" preload=\"metadata\" controls=\"controls\"><source type=\"video\/mp4\" src=\"https:\/\/www.zegemfireplace.com\/wp-content\/uploads\/2025\/08\/47603de9b697c4bb41612379efc2e1d3.mp4?_=1\" \/><a href=\"https:\/\/www.zegemfireplace.com\/wp-content\/uploads\/2025\/08\/47603de9b697c4bb41612379efc2e1d3.mp4\">https:\/\/www.zegemfireplace.com\/wp-content\/uploads\/2025\/08\/47603de9b697c4bb41612379efc2e1d3.mp4<\/a><\/video><\/div>\n<p>Recessed and wall-mounted installation220-240V\/50Hz\/750\/1500W or110-120V\/60Hz\/750\/1500WV<br \/>\n1)5 Flame Colors<br \/>\n2)7 Fuel Bed Colors<br \/>\n3)Two Heat setting options(750W\/1500W)<br \/>\n4)Flame effect operates with or without heat<br \/>\n5)With App Contrel Function<br \/>\n6)Overheating protection<br \/>\n7)1-9 hours timer function<br \/>\n8)All LED technology<br \/>\n9)LCD display<br \/>\n10)With contrel panel and remote control(LCDRemgte)<br \/>\n11]With Google Home and Alexa control<\/p>\n<p>&nbsp;<\/p>","protected":false},"excerpt":{"rendered":"<p>Instalaci\u00f3n empotrada y en pared220-240V\/50Hz\/750\/1500W o110-120V\/60Hz\/750\/1500WV 1)5 colores de llama 2)7 colores de lecho de combustible 3)Dos opciones de ajuste de calor(750W\/1500W) 4)El efecto de llama funciona con o sin calor 5)Con funci\u00f3n de App Contrel 6)Protecci\u00f3n contra sobrecalentamiento 7)Funci\u00f3n de temporizador de 1-9 horas 8)Todo tecnolog\u00eda LED 9)Pantalla LCD 10)Con panel contrel y mando a distancia(LCDRemgte) 11]Con control de Google Home y Alexa &nbsp;<\/p>","protected":false},"featured_media":1383,"comment_status":"open","ping_status":"closed","template":"","meta":{"_kad_post_transparent":"default","_kad_post_title":"","_kad_post_layout":"default","_kad_post_sidebar_id":"","_kad_post_content_style":"default","_kad_post_vertical_padding":"default","_kad_post_feature":"","_kad_post_feature_position":"","_kad_post_header":false,"_kad_post_footer":false,"_kad_post_classname":""},"product_brand":[],"product_cat":[34],"product_tag":[],"class_list":{"0":"post-1380","1":"product","2":"type-product","3":"status-publish","4":"has-post-thumbnail","6":"product_cat-lcd-electric-fireplace","8":"first","9":"instock","10":"shipping-taxable","11":"product-type-simple","12":"entry","13":"content-bg","14":"loop-entry"},"_links":{"self":[{"href":"https:\/\/www.zegemfireplace.com\/es\/wp-json\/wp\/v2\/product\/1380","targetHints":{"allow":["GET"]}}],"collection":[{"href":"https:\/\/www.zegemfireplace.com\/es\/wp-json\/wp\/v2\/product"}],"about":[{"href":"https:\/\/www.zegemfireplace.com\/es\/wp-json\/wp\/v2\/types\/product"}],"replies":[{"embeddable":true,"href":"https:\/\/www.zegemfireplace.com\/es\/wp-json\/wp\/v2\/comments?post=1380"}],"wp:featuredmedia":[{"embeddable":true,"href":"https:\/\/www.zegemfireplace.com\/es\/wp-json\/wp\/v2\/media\/1383"}],"wp:attachment":[{"href":"https:\/\/www.zegemfireplace.com\/es\/wp-json\/wp\/v2\/media?parent=1380"}],"wp:term":[{"taxonomy":"product_brand","embeddable":true,"href":"https:\/\/www.zegemfireplace.com\/es\/wp-json\/wp\/v2\/product_brand?post=1380"},{"taxonomy":"product_cat","embeddable":true,"href":"https:\/\/www.zegemfireplace.com\/es\/wp-json\/wp\/v2\/product_cat?post=1380"},{"taxonomy":"product_tag","embeddable":true,"href":"https:\/\/www.zegemfireplace.com\/es\/wp-json\/wp\/v2\/product_tag?post=1380"}],"curies":[{"name":"wp","href":"https:\/\/api.w.org\/{rel}","templated":true}]}}