{"id":560,"date":"2024-10-30T16:45:24","date_gmt":"2024-10-30T08:45:24","guid":{"rendered":"http:\/\/www.zegemfireplace.com\/?post_type=product&#038;p=560"},"modified":"2024-10-30T17:19:43","modified_gmt":"2024-10-30T09:19:43","slug":"insert-wood-stove-fireplace","status":"publish","type":"product","link":"https:\/\/www.zegemfireplace.com\/es\/producto\/insert-wood-stove-fireplace\/","title":{"rendered":"Chimenea con estufa de le\u00f1a"},"content":{"rendered":"<p><img fetchpriority=\"high\" decoding=\"async\" class=\"alignnone size-medium wp-image-247 aligncenter\" src=\"http:\/\/www.zegemfireplace.com\/wp-content\/uploads\/2024\/10\/678ad97a2a23bbb925dd6448c423dd5-300x300.jpg\" alt=\"\" width=\"300\" height=\"300\" srcset=\"https:\/\/www.zegemfireplace.com\/wp-content\/uploads\/2024\/10\/678ad97a2a23bbb925dd6448c423dd5-300x300.jpg 300w, https:\/\/www.zegemfireplace.com\/wp-content\/uploads\/2024\/10\/678ad97a2a23bbb925dd6448c423dd5-150x150.jpg 150w, https:\/\/www.zegemfireplace.com\/wp-content\/uploads\/2024\/10\/678ad97a2a23bbb925dd6448c423dd5-768x768.jpg 768w, https:\/\/www.zegemfireplace.com\/wp-content\/uploads\/2024\/10\/678ad97a2a23bbb925dd6448c423dd5-12x12.jpg 12w, https:\/\/www.zegemfireplace.com\/wp-content\/uploads\/2024\/10\/678ad97a2a23bbb925dd6448c423dd5-600x600.jpg 600w, https:\/\/www.zegemfireplace.com\/wp-content\/uploads\/2024\/10\/678ad97a2a23bbb925dd6448c423dd5-100x100.jpg 100w, https:\/\/www.zegemfireplace.com\/wp-content\/uploads\/2024\/10\/678ad97a2a23bbb925dd6448c423dd5.jpg 800w\" sizes=\"(max-width: 300px) 100vw, 300px\" \/><\/p>\n<table>\n<tbody>\n<tr>\n<td width=\"284\">Tama\u00f1o\/mm<\/td>\n<td width=\"284\">680x420x535<\/td>\n<\/tr>\n<tr>\n<td width=\"284\">Tama\u00f1o del vidrio\/mm<\/td>\n<td width=\"284\">590&#215;400<\/td>\n<\/tr>\n<tr>\n<td width=\"284\">Peso\/kg<\/td>\n<td width=\"284\">66<\/td>\n<\/tr>\n<tr>\n<td width=\"284\">Material principal<\/td>\n<td width=\"284\">Doble chapa de acero y tablero de vermiculita<\/td>\n<\/tr>\n<tr>\n<td width=\"284\">Ubicaci\u00f3n de la salida de humos<\/td>\n<td width=\"284\">Top<\/td>\n<\/tr>\n<tr>\n<td width=\"284\">Combustible<\/td>\n<td width=\"284\">Le\u00f1a seca<\/td>\n<\/tr>\n<tr>\n<td width=\"284\">Di\u00e1metro del tubo de humos<\/td>\n<td width=\"284\">150 mm<\/td>\n<\/tr>\n<tr>\n<td width=\"284\">Zona c\u00e1lida<\/td>\n<td width=\"284\">140-160 metros cuadrados<\/td>\n<\/tr>\n<tr>\n<td width=\"284\">Combusti\u00f3n secundaria<\/td>\n<td width=\"284\">S\u00ed<\/td>\n<\/tr>\n<tr>\n<td width=\"284\">Consumo de combustible<\/td>\n<td width=\"284\">2-4 KG\/H<\/td>\n<\/tr>\n<tr>\n<td width=\"284\">Pintura de superficie<\/td>\n<td width=\"284\">Pintura resistente al calor American Forest<\/td>\n<\/tr>\n<tr>\n<td width=\"284\">Visor de incendios<\/td>\n<td width=\"284\">Cristal alem\u00e1n Schott resistente al calor<\/td>\n<\/tr>\n<\/tbody>\n<\/table>\n<p>&nbsp;<\/p>\n<p><img decoding=\"async\" class=\"alignnone size-medium wp-image-561\" src=\"http:\/\/www.zegemfireplace.com\/wp-content\/uploads\/2024\/10\/1730277873659-300x262.png\" alt=\"\" width=\"300\" height=\"262\" srcset=\"https:\/\/www.zegemfireplace.com\/wp-content\/uploads\/2024\/10\/1730277873659-300x262.png 300w, https:\/\/www.zegemfireplace.com\/wp-content\/uploads\/2024\/10\/1730277873659-768x671.png 768w, https:\/\/www.zegemfireplace.com\/wp-content\/uploads\/2024\/10\/1730277873659-14x12.png 14w, https:\/\/www.zegemfireplace.com\/wp-content\/uploads\/2024\/10\/1730277873659-600x525.png 600w, https:\/\/www.zegemfireplace.com\/wp-content\/uploads\/2024\/10\/1730277873659.png 867w\" sizes=\"(max-width: 300px) 100vw, 300px\" \/><\/p>","protected":false},"excerpt":{"rendered":"<p>Tama\u00f1o\/mm 680x420x535 Tama\u00f1o del cristal\/mm 590\u00d7400 Peso\/kg 66 Material principal Doble chapa de acero y tablero de vermiculita Ubicaci\u00f3n de la salida de humos Superior Combustible Le\u00f1a seca Di\u00e1metro del tubo de humo 150mm \u00c1rea caliente 140-160 Metros cuadrados Combusti\u00f3n secundaria S\u00ed Consumo de combustible 2-4 KG\/H Pintura de superficie Pintura resistente al calor American Forest Cristal de visualizaci\u00f3n de incendios Cristal resistente al calor German Schott &nbsp;<\/p>","protected":false},"featured_media":563,"comment_status":"open","ping_status":"closed","template":"","meta":{"_kad_post_transparent":"default","_kad_post_title":"","_kad_post_layout":"default","_kad_post_sidebar_id":"","_kad_post_content_style":"default","_kad_post_vertical_padding":"default","_kad_post_feature":"","_kad_post_feature_position":"","_kad_post_header":false,"_kad_post_footer":false,"_kad_post_classname":""},"product_brand":[],"product_cat":[31],"product_tag":[],"class_list":{"0":"post-560","1":"product","2":"type-product","3":"status-publish","4":"has-post-thumbnail","6":"product_cat-wood-stove","8":"first","9":"instock","10":"shipping-taxable","11":"product-type-simple","12":"entry","13":"content-bg","14":"loop-entry"},"_links":{"self":[{"href":"https:\/\/www.zegemfireplace.com\/es\/wp-json\/wp\/v2\/product\/560","targetHints":{"allow":["GET"]}}],"collection":[{"href":"https:\/\/www.zegemfireplace.com\/es\/wp-json\/wp\/v2\/product"}],"about":[{"href":"https:\/\/www.zegemfireplace.com\/es\/wp-json\/wp\/v2\/types\/product"}],"replies":[{"embeddable":true,"href":"https:\/\/www.zegemfireplace.com\/es\/wp-json\/wp\/v2\/comments?post=560"}],"wp:featuredmedia":[{"embeddable":true,"href":"https:\/\/www.zegemfireplace.com\/es\/wp-json\/wp\/v2\/media\/563"}],"wp:attachment":[{"href":"https:\/\/www.zegemfireplace.com\/es\/wp-json\/wp\/v2\/media?parent=560"}],"wp:term":[{"taxonomy":"product_brand","embeddable":true,"href":"https:\/\/www.zegemfireplace.com\/es\/wp-json\/wp\/v2\/product_brand?post=560"},{"taxonomy":"product_cat","embeddable":true,"href":"https:\/\/www.zegemfireplace.com\/es\/wp-json\/wp\/v2\/product_cat?post=560"},{"taxonomy":"product_tag","embeddable":true,"href":"https:\/\/www.zegemfireplace.com\/es\/wp-json\/wp\/v2\/product_tag?post=560"}],"curies":[{"name":"wp","href":"https:\/\/api.w.org\/{rel}","templated":true}]}}