{"id":592,"date":"2024-10-30T17:41:54","date_gmt":"2024-10-30T09:41:54","guid":{"rendered":"http:\/\/www.zegemfireplace.com\/?post_type=product&#038;p=592"},"modified":"2024-10-31T15:40:44","modified_gmt":"2024-10-31T07:40:44","slug":"800mm-length-3d-water-steam-fireplace-%e5%a4%8d%e5%88%b6","status":"publish","type":"product","link":"https:\/\/www.zegemfireplace.com\/es\/producto\/800mm-length-3d-water-steam-fireplace-%e5%a4%8d%e5%88%b6\/","title":{"rendered":"Chimenea de vapor de agua 3D de 800 mm de longitud"},"content":{"rendered":"<table>\n<tbody>\n<tr>\n<td width=\"286\">Modelo<\/td>\n<td width=\"359\">LD-3D-800<\/td>\n<\/tr>\n<tr>\n<td width=\"286\">M\u00e9todo de encendido<\/td>\n<td width=\"359\">encendido por descarga de baja tensi\u00f3n<\/td>\n<\/tr>\n<tr>\n<td width=\"286\">Modo de control<\/td>\n<td width=\"359\">mando a distancia<\/td>\n<\/tr>\n<tr>\n<td width=\"286\">Consumo de combustible<\/td>\n<td width=\"359\">Agua limpia<\/td>\n<\/tr>\n<tr>\n<td width=\"286\">Consumo de combustible<\/td>\n<td width=\"359\">0,56 litros\/H<\/td>\n<\/tr>\n<tr>\n<td width=\"286\">Capacidad del dep\u00f3sito de combusti\u00f3n<\/td>\n<td width=\"359\">4,5 litros<\/td>\n<\/tr>\n<tr>\n<td width=\"286\">Tiempo de combusti\u00f3n continuado<\/td>\n<td width=\"359\">8 horas<\/td>\n<\/tr>\n<tr>\n<td width=\"286\">Tama\u00f1o:L*A*A<\/td>\n<td width=\"359\">800mmx280mmx200mm<\/td>\n<\/tr>\n<tr>\n<td width=\"286\">Tama\u00f1o del panel<\/td>\n<td width=\"359\">800x280 mm<\/td>\n<\/tr>\n<tr>\n<td width=\"286\">Tama\u00f1o de la bandeja de entrada<\/td>\n<td width=\"359\">772x250mmx200mm<\/td>\n<\/tr>\n<tr>\n<td width=\"286\">material<\/td>\n<td width=\"359\">Acero laminado en fr\u00edo<\/td>\n<\/tr>\n<tr>\n<td width=\"286\">Tama\u00f1o del envase<\/td>\n<td width=\"359\">920mmx400mmx400mm<\/td>\n<\/tr>\n<tr>\n<td width=\"286\">peso bruto<\/td>\n<td width=\"359\">30KG<\/td>\n<\/tr>\n<tr>\n<td width=\"286\">Configuraci\u00f3n est\u00e1ndar<\/td>\n<td width=\"359\">Pantalla t\u00e1ctil y mando a distancia<\/td>\n<\/tr>\n<tr>\n<td width=\"286\"><\/td>\n<td width=\"359\">Protecci\u00f3n autom\u00e1tica contra fallos de alimentaci\u00f3n, protecci\u00f3n contra cortocircuitos, segura y protegida<\/td>\n<\/tr>\n<tr>\n<td width=\"286\"><\/td>\n<td width=\"359\">Trabajo cronometrado, descanso cronometrado<\/td>\n<\/tr>\n<tr>\n<td width=\"286\"><\/td>\n<td width=\"359\">Mando a distancia por infrarrojos, c\u00f3modo y sencillo, sin molestias<\/td>\n<\/tr>\n<tr>\n<td width=\"286\"><\/td>\n<td width=\"359\">Control del nivel de combusti\u00f3n<\/td>\n<\/tr>\n<tr>\n<td width=\"286\"><\/td>\n<td width=\"359\">Alimentaci\u00f3n autom\u00e1tica de agua, funci\u00f3n autom\u00e1tica de drenaje de agua<\/td>\n<\/tr>\n<tr>\n<td width=\"286\"><\/td>\n<td width=\"359\">Los accesorios atomizados carecen de protecci\u00f3n contra el agua, detecci\u00f3n y apagado autom\u00e1ticos<\/td>\n<\/tr>\n<tr>\n<td width=\"286\">Funci\u00f3n opcional<\/td>\n<td width=\"359\">\u00a0sonido ardiente<\/td>\n<\/tr>\n<\/tbody>\n<\/table>","protected":false},"excerpt":{"rendered":"<p>Modelo LD-3D-800 M\u00e9todo de ignici\u00f3n de descarga de bajo voltaje Modo de control remoto Uso de combustible Agua limpia Consumo de combustible 0.56 litros\/H Capacidad del tanque de combusti\u00f3n 4.5 litros Tiempo de combusti\u00f3n continua 8 horas Tama\u00f1o:L*W*H 800mmx280mmx200mm Tama\u00f1o del panel 800x280mm Tama\u00f1o de la caja 772x250mmx200mm Material Acero laminado en fr\u00edo Tama\u00f1o del paquete 920mmx400mmx400mm Peso bruto 30KG Configuraci\u00f3n est\u00e1ndar Pantalla t\u00e1ctil y control remoto...<\/p>","protected":false},"featured_media":899,"comment_status":"open","ping_status":"closed","template":"","meta":{"_kad_post_transparent":"default","_kad_post_title":"","_kad_post_layout":"default","_kad_post_sidebar_id":"","_kad_post_content_style":"default","_kad_post_vertical_padding":"default","_kad_post_feature":"","_kad_post_feature_position":"","_kad_post_header":false,"_kad_post_footer":false,"_kad_post_classname":""},"product_brand":[],"product_cat":[29],"product_tag":[],"class_list":{"0":"post-592","1":"product","2":"type-product","3":"status-publish","4":"has-post-thumbnail","6":"product_cat-3d-water-fireplace","8":"first","9":"instock","10":"shipping-taxable","11":"product-type-simple","12":"entry","13":"content-bg","14":"loop-entry"},"_links":{"self":[{"href":"https:\/\/www.zegemfireplace.com\/es\/wp-json\/wp\/v2\/product\/592","targetHints":{"allow":["GET"]}}],"collection":[{"href":"https:\/\/www.zegemfireplace.com\/es\/wp-json\/wp\/v2\/product"}],"about":[{"href":"https:\/\/www.zegemfireplace.com\/es\/wp-json\/wp\/v2\/types\/product"}],"replies":[{"embeddable":true,"href":"https:\/\/www.zegemfireplace.com\/es\/wp-json\/wp\/v2\/comments?post=592"}],"wp:featuredmedia":[{"embeddable":true,"href":"https:\/\/www.zegemfireplace.com\/es\/wp-json\/wp\/v2\/media\/899"}],"wp:attachment":[{"href":"https:\/\/www.zegemfireplace.com\/es\/wp-json\/wp\/v2\/media?parent=592"}],"wp:term":[{"taxonomy":"product_brand","embeddable":true,"href":"https:\/\/www.zegemfireplace.com\/es\/wp-json\/wp\/v2\/product_brand?post=592"},{"taxonomy":"product_cat","embeddable":true,"href":"https:\/\/www.zegemfireplace.com\/es\/wp-json\/wp\/v2\/product_cat?post=592"},{"taxonomy":"product_tag","embeddable":true,"href":"https:\/\/www.zegemfireplace.com\/es\/wp-json\/wp\/v2\/product_tag?post=592"}],"curies":[{"name":"wp","href":"https:\/\/api.w.org\/{rel}","templated":true}]}}