{"id":704,"date":"2024-10-31T13:53:58","date_gmt":"2024-10-31T05:53:58","guid":{"rendered":"https:\/\/www.zegemfireplace.com\/?post_type=product&#038;p=704"},"modified":"2024-10-31T13:58:01","modified_gmt":"2024-10-31T05:58:01","slug":"8093-luxury-electric-fireplace-with-wood-frame-for-household-use","status":"publish","type":"product","link":"https:\/\/www.zegemfireplace.com\/es\/producto\/8093-luxury-electric-fireplace-with-wood-frame-for-household-use\/","title":{"rendered":"8093 Chimenea el\u00e9ctrica de lujo con estructura de madera para uso dom\u00e9stico"},"content":{"rendered":"<p><span data-spm-anchor-id=\"a2700.details.0.i39.5e1a5b86cCb4xc\">Chimenea el\u00e9ctrica con repisa de madera\u00a0<\/span><\/p>\n<table class=\"aliDataTable\">\n<tbody>\n<tr align=\"left\">\n<td valign=\"top\">Modelo<\/td>\n<td valign=\"top\">8093<\/td>\n<\/tr>\n<tr align=\"left\">\n<td valign=\"top\">Tipo<\/td>\n<td valign=\"top\">\u00a0Embedded<\/td>\n<\/tr>\n<tr align=\"left\">\n<td valign=\"top\">Tama\u00f1o de la chimenea<\/td>\n<td valign=\"top\">1200*330*1050 mm<\/td>\n<\/tr>\n<tr align=\"left\">\n<td valign=\"top\">Tama\u00f1o del envase<\/td>\n<td valign=\"top\">1320*440*1310 mm<\/td>\n<\/tr>\n<tr align=\"left\">\n<td valign=\"top\">Peso neto \/ bruto<\/td>\n<td valign=\"top\">80 kg<\/td>\n<\/tr>\n<tr align=\"left\">\n<td valign=\"top\">Tensi\u00f3n ( V\/HZ )<\/td>\n<td valign=\"top\">110\/220v<\/td>\n<\/tr>\n<tr align=\"left\">\n<td valign=\"top\">Poder de visi\u00f3n de la llama<\/td>\n<td valign=\"top\">12 W<\/td>\n<\/tr>\n<tr align=\"left\">\n<td valign=\"top\">Potencia de primer grado<\/td>\n<td valign=\"top\">750 W<\/td>\n<\/tr>\n<tr align=\"left\">\n<td valign=\"top\">Poder de segundo grado<\/td>\n<td valign=\"top\">1500 W<\/td>\n<\/tr>\n<tr align=\"left\">\n<td valign=\"top\">Zona adecuada<\/td>\n<td valign=\"top\">10-35 M^2<\/td>\n<\/tr>\n<tr align=\"left\">\n<td valign=\"top\">Material<\/td>\n<td valign=\"top\">HDF<\/td>\n<\/tr>\n<tr align=\"left\">\n<td valign=\"top\">Cantidades de grado de ajuste del brillo de la llama<\/td>\n<td valign=\"top\">4 grados<\/td>\n<\/tr>\n<tr align=\"left\">\n<td valign=\"top\">Modo de control<\/td>\n<td valign=\"top\">\u00a0Mando a distancia \/ placa de teclado<\/td>\n<\/tr>\n<tr align=\"left\">\n<td valign=\"top\">Observaci\u00f3n<\/td>\n<td valign=\"top\">La llama y el sistema de calefacci\u00f3n funcionan por separado<\/td>\n<\/tr>\n<\/tbody>\n<\/table>","protected":false},"excerpt":{"rendered":"<p>Chimenea el\u00e9ctrica con repisa de le\u00f1a Modelo 8093 Tipo Empotrada Tama\u00f1o de la chimenea 1200*330*1050 mm Tama\u00f1o del paquete 1320*440*1310 mm Peso neto \/ bruto 80kg Tensi\u00f3n ( V\/HZ ) 110\/220v Potencia de visualizaci\u00f3n de la llama 12 W Potencia de primer grado 750 W Potencia de segundo grado 1500 W Superficie adecuada 10-35 M^2 Material HDF Cantidades de grados de ajuste del brillo de la llama 4 grados Modo de control Mando a distancia \/ placa de teclado Observaci\u00f3n La llama y el sistema de calefacci\u00f3n funcionan por separado<\/p>","protected":false},"featured_media":712,"comment_status":"open","ping_status":"closed","template":"","meta":{"_kad_post_transparent":"default","_kad_post_title":"","_kad_post_layout":"default","_kad_post_sidebar_id":"","_kad_post_content_style":"default","_kad_post_vertical_padding":"default","_kad_post_feature":"","_kad_post_feature_position":"","_kad_post_header":false,"_kad_post_footer":false,"_kad_post_classname":""},"product_brand":[],"product_cat":[33],"product_tag":[],"class_list":{"0":"post-704","1":"product","2":"type-product","3":"status-publish","4":"has-post-thumbnail","6":"product_cat-wood-or-marble-mantel-of-fireplace","8":"first","9":"instock","10":"shipping-taxable","11":"product-type-simple","12":"entry","13":"content-bg","14":"loop-entry"},"_links":{"self":[{"href":"https:\/\/www.zegemfireplace.com\/es\/wp-json\/wp\/v2\/product\/704","targetHints":{"allow":["GET"]}}],"collection":[{"href":"https:\/\/www.zegemfireplace.com\/es\/wp-json\/wp\/v2\/product"}],"about":[{"href":"https:\/\/www.zegemfireplace.com\/es\/wp-json\/wp\/v2\/types\/product"}],"replies":[{"embeddable":true,"href":"https:\/\/www.zegemfireplace.com\/es\/wp-json\/wp\/v2\/comments?post=704"}],"wp:featuredmedia":[{"embeddable":true,"href":"https:\/\/www.zegemfireplace.com\/es\/wp-json\/wp\/v2\/media\/712"}],"wp:attachment":[{"href":"https:\/\/www.zegemfireplace.com\/es\/wp-json\/wp\/v2\/media?parent=704"}],"wp:term":[{"taxonomy":"product_brand","embeddable":true,"href":"https:\/\/www.zegemfireplace.com\/es\/wp-json\/wp\/v2\/product_brand?post=704"},{"taxonomy":"product_cat","embeddable":true,"href":"https:\/\/www.zegemfireplace.com\/es\/wp-json\/wp\/v2\/product_cat?post=704"},{"taxonomy":"product_tag","embeddable":true,"href":"https:\/\/www.zegemfireplace.com\/es\/wp-json\/wp\/v2\/product_tag?post=704"}],"curies":[{"name":"wp","href":"https:\/\/api.w.org\/{rel}","templated":true}]}}