{"id":719,"date":"2024-10-31T14:13:41","date_gmt":"2024-10-31T06:13:41","guid":{"rendered":"https:\/\/www.zegemfireplace.com\/?post_type=product&#038;p=719"},"modified":"2024-10-31T14:13:41","modified_gmt":"2024-10-31T06:13:41","slug":"insert-wood-stove-fireplace-680-740-800-900-950mm","status":"publish","type":"product","link":"https:\/\/www.zegemfireplace.com\/es\/producto\/insert-wood-stove-fireplace-680-740-800-900-950mm\/","title":{"rendered":"Insertable estufa de le\u00f1a chimenea 680\/740\/800\/900\/950mm"},"content":{"rendered":"<p><img fetchpriority=\"high\" decoding=\"async\" class=\"alignnone size-medium wp-image-727\" src=\"http:\/\/www.zegemfireplace.com\/wp-content\/uploads\/2024\/10\/680A-300x206.png\" alt=\"\" width=\"300\" height=\"206\" srcset=\"https:\/\/www.zegemfireplace.com\/wp-content\/uploads\/2024\/10\/680A-300x206.png 300w, https:\/\/www.zegemfireplace.com\/wp-content\/uploads\/2024\/10\/680A-18x12.png 18w, https:\/\/www.zegemfireplace.com\/wp-content\/uploads\/2024\/10\/680A.png 451w\" sizes=\"(max-width: 300px) 100vw, 300px\" \/><img decoding=\"async\" class=\"alignnone size-medium wp-image-723\" src=\"http:\/\/www.zegemfireplace.com\/wp-content\/uploads\/2024\/10\/800-300x206.png\" alt=\"\" width=\"300\" height=\"206\" srcset=\"https:\/\/www.zegemfireplace.com\/wp-content\/uploads\/2024\/10\/800-300x206.png 300w, https:\/\/www.zegemfireplace.com\/wp-content\/uploads\/2024\/10\/800-18x12.png 18w, https:\/\/www.zegemfireplace.com\/wp-content\/uploads\/2024\/10\/800.png 445w\" sizes=\"(max-width: 300px) 100vw, 300px\" \/> <img decoding=\"async\" class=\"alignnone size-medium wp-image-724\" src=\"http:\/\/www.zegemfireplace.com\/wp-content\/uploads\/2024\/10\/900-300x204.png\" alt=\"\" width=\"300\" height=\"204\" srcset=\"https:\/\/www.zegemfireplace.com\/wp-content\/uploads\/2024\/10\/900-300x204.png 300w, https:\/\/www.zegemfireplace.com\/wp-content\/uploads\/2024\/10\/900-18x12.png 18w, https:\/\/www.zegemfireplace.com\/wp-content\/uploads\/2024\/10\/900.png 449w\" sizes=\"(max-width: 300px) 100vw, 300px\" \/> <img loading=\"lazy\" decoding=\"async\" class=\"wp-image-725 alignleft\" src=\"http:\/\/www.zegemfireplace.com\/wp-content\/uploads\/2024\/10\/950-300x209.png\" alt=\"\" width=\"300\" height=\"209\" srcset=\"https:\/\/www.zegemfireplace.com\/wp-content\/uploads\/2024\/10\/950-300x209.png 300w, https:\/\/www.zegemfireplace.com\/wp-content\/uploads\/2024\/10\/950-18x12.png 18w, https:\/\/www.zegemfireplace.com\/wp-content\/uploads\/2024\/10\/950.png 450w\" sizes=\"(max-width: 300px) 100vw, 300px\" \/><\/p>\n<p><img loading=\"lazy\" decoding=\"async\" class=\"alignnone  wp-image-733\" src=\"http:\/\/www.zegemfireplace.com\/wp-content\/uploads\/2024\/10\/\u540e\u6392\u70df-300x208.png\" alt=\"\" width=\"277\" height=\"192\" srcset=\"https:\/\/www.zegemfireplace.com\/wp-content\/uploads\/2024\/10\/\u540e\u6392\u70df-300x208.png 300w, https:\/\/www.zegemfireplace.com\/wp-content\/uploads\/2024\/10\/\u540e\u6392\u70df-18x12.png 18w, https:\/\/www.zegemfireplace.com\/wp-content\/uploads\/2024\/10\/\u540e\u6392\u70df.png 449w\" sizes=\"(max-width: 277px) 100vw, 277px\" \/><\/p>\n<p>&nbsp;<\/p>\n<table>\n<tbody>\n<tr>\n<td width=\"284\">Tama\u00f1o\/mm<\/td>\n<td width=\"284\">680x420x535(Otro tama\u00f1o por favor consulte el dibujo, tambi\u00e9n puede personalizar cualquier tama\u00f1o)<\/td>\n<\/tr>\n<tr>\n<td width=\"284\">Tama\u00f1o del vidrio\/mm<\/td>\n<td width=\"284\">590\u00d7400<\/td>\n<\/tr>\n<tr>\n<td width=\"284\">Peso\/kg<\/td>\n<td width=\"284\">66<\/td>\n<\/tr>\n<tr>\n<td width=\"284\">Material principal<\/td>\n<td width=\"284\">Doble chapa de acero y tablero de vermiculita<\/td>\n<\/tr>\n<tr>\n<td width=\"284\">Ubicaci\u00f3n de la salida de humos<\/td>\n<td width=\"284\">Parte superior o posterior<\/td>\n<\/tr>\n<tr>\n<td width=\"284\">Combustible<\/td>\n<td width=\"284\">Le\u00f1a seca<\/td>\n<\/tr>\n<tr>\n<td width=\"284\">Di\u00e1metro del tubo de humos<\/td>\n<td width=\"284\">150 mm<\/td>\n<\/tr>\n<tr>\n<td width=\"284\">Zona c\u00e1lida<\/td>\n<td width=\"284\">140-160 metros cuadrados<\/td>\n<\/tr>\n<tr>\n<td width=\"284\">Combusti\u00f3n secundaria<\/td>\n<td width=\"284\">S\u00ed<\/td>\n<\/tr>\n<tr>\n<td width=\"284\">Consumo de combustible<\/td>\n<td width=\"284\">2-4 KG\/H<\/td>\n<\/tr>\n<tr>\n<td width=\"284\">Pintura de superficie<\/td>\n<td width=\"284\">Pintura resistente al calor American Forest<\/td>\n<\/tr>\n<tr>\n<td width=\"284\">Visor de incendios<\/td>\n<td width=\"284\">Cristal alem\u00e1n Schott resistente al calor<\/td>\n<\/tr>\n<\/tbody>\n<\/table>","protected":false},"excerpt":{"rendered":"<p>&nbsp; Tama\u00f1o\/mm 680x420x535(Otro tama\u00f1o por favor revise el dibujo, tambi\u00e9n puede personalizar cualquier tama\u00f1o) Tama\u00f1o del vidrio\/mm 590\u00d7400 Peso\/kg 66 Material principal Doble placa de acero y tablero de vermiculita Ubicaci\u00f3n de escape de humo Arriba o atr\u00e1s Combustible Le\u00f1a seca Di\u00e1metro del tubo de humo 150mm \u00c1rea caliente 140-160 Metros cuadrados Combusti\u00f3n secundaria S\u00ed Consumo de combustible 2-4 KG\/H Pintura superficial American Forest...<\/p>","protected":false},"featured_media":735,"comment_status":"open","ping_status":"closed","template":"","meta":{"_kad_post_transparent":"default","_kad_post_title":"","_kad_post_layout":"default","_kad_post_sidebar_id":"","_kad_post_content_style":"default","_kad_post_vertical_padding":"default","_kad_post_feature":"","_kad_post_feature_position":"","_kad_post_header":false,"_kad_post_footer":false,"_kad_post_classname":""},"product_brand":[],"product_cat":[31],"product_tag":[],"class_list":{"0":"post-719","1":"product","2":"type-product","3":"status-publish","4":"has-post-thumbnail","6":"product_cat-wood-stove","8":"first","9":"instock","10":"shipping-taxable","11":"product-type-simple","12":"entry","13":"content-bg","14":"loop-entry"},"_links":{"self":[{"href":"https:\/\/www.zegemfireplace.com\/es\/wp-json\/wp\/v2\/product\/719","targetHints":{"allow":["GET"]}}],"collection":[{"href":"https:\/\/www.zegemfireplace.com\/es\/wp-json\/wp\/v2\/product"}],"about":[{"href":"https:\/\/www.zegemfireplace.com\/es\/wp-json\/wp\/v2\/types\/product"}],"replies":[{"embeddable":true,"href":"https:\/\/www.zegemfireplace.com\/es\/wp-json\/wp\/v2\/comments?post=719"}],"wp:featuredmedia":[{"embeddable":true,"href":"https:\/\/www.zegemfireplace.com\/es\/wp-json\/wp\/v2\/media\/735"}],"wp:attachment":[{"href":"https:\/\/www.zegemfireplace.com\/es\/wp-json\/wp\/v2\/media?parent=719"}],"wp:term":[{"taxonomy":"product_brand","embeddable":true,"href":"https:\/\/www.zegemfireplace.com\/es\/wp-json\/wp\/v2\/product_brand?post=719"},{"taxonomy":"product_cat","embeddable":true,"href":"https:\/\/www.zegemfireplace.com\/es\/wp-json\/wp\/v2\/product_cat?post=719"},{"taxonomy":"product_tag","embeddable":true,"href":"https:\/\/www.zegemfireplace.com\/es\/wp-json\/wp\/v2\/product_tag?post=719"}],"curies":[{"name":"wp","href":"https:\/\/api.w.org\/{rel}","templated":true}]}}