{"id":737,"date":"2024-10-31T14:18:00","date_gmt":"2024-10-31T06:18:00","guid":{"rendered":"https:\/\/www.zegemfireplace.com\/?post_type=product&#038;p=737"},"modified":"2024-10-31T14:18:02","modified_gmt":"2024-10-31T06:18:02","slug":"wood-stove-fireplace-with-back-smoke-pipe","status":"publish","type":"product","link":"https:\/\/www.zegemfireplace.com\/es\/producto\/wood-stove-fireplace-with-back-smoke-pipe\/","title":{"rendered":"Chimenea de le\u00f1a con salida de humos posterior"},"content":{"rendered":"<p><img fetchpriority=\"high\" decoding=\"async\" class=\"alignnone size-medium wp-image-733\" src=\"http:\/\/www.zegemfireplace.com\/wp-content\/uploads\/2024\/10\/\u540e\u6392\u70df-300x208.png\" alt=\"\" width=\"300\" height=\"208\" srcset=\"https:\/\/www.zegemfireplace.com\/wp-content\/uploads\/2024\/10\/\u540e\u6392\u70df-300x208.png 300w, https:\/\/www.zegemfireplace.com\/wp-content\/uploads\/2024\/10\/\u540e\u6392\u70df-18x12.png 18w, https:\/\/www.zegemfireplace.com\/wp-content\/uploads\/2024\/10\/\u540e\u6392\u70df.png 449w\" sizes=\"(max-width: 300px) 100vw, 300px\" \/><img decoding=\"async\" class=\"alignnone size-medium wp-image-727\" src=\"http:\/\/www.zegemfireplace.com\/wp-content\/uploads\/2024\/10\/680A-300x206.png\" alt=\"\" width=\"300\" height=\"206\" srcset=\"https:\/\/www.zegemfireplace.com\/wp-content\/uploads\/2024\/10\/680A-300x206.png 300w, https:\/\/www.zegemfireplace.com\/wp-content\/uploads\/2024\/10\/680A-18x12.png 18w, https:\/\/www.zegemfireplace.com\/wp-content\/uploads\/2024\/10\/680A.png 451w\" sizes=\"(max-width: 300px) 100vw, 300px\" \/><\/p>\n<p>Size\/mm 680x420X535<\/p>\n<p>Glass size\/mm 720\u00d7560<\/p>\n<p>Weight\/kg 130<\/p>\n<p>Main material Double steel plate and vermiculite board<\/p>\n<p>Smoke exhaust location Top or back<\/p>\n<p>Fuel Dry firewood<\/p>\n<p>Smoke pipe diameter 180mm<\/p>\n<p>Warm area 100-120 Square meter<\/p>\n<p>Secondary combustion Yes<\/p>\n<p>Model L800 Surface paint American Forest Heat Resistant Paint<\/p>\n<p>Fire viewing glass German Schott heat-resistant glass<\/p>","protected":false},"excerpt":{"rendered":"<p>Tama\u00f1o\/mm 680x420X535 Tama\u00f1o del cristal\/mm 720\u00d7560 Peso\/kg 130 Material principal Doble chapa de acero y tablero de vermiculita Ubicaci\u00f3n de la salida de humos Superior o posterior Combustible Le\u00f1a seca Di\u00e1metro del tubo de humos 180mm \u00c1rea caliente 100-120 Metros cuadrados Combusti\u00f3n secundaria S\u00ed Modelo L800 Pintura superficial Pintura resistente al calor American Forest Cristal de visualizaci\u00f3n de incendios Cristal resistente al calor German Schott<\/p>","protected":false},"featured_media":733,"comment_status":"open","ping_status":"closed","template":"","meta":{"_kad_post_transparent":"default","_kad_post_title":"","_kad_post_layout":"default","_kad_post_sidebar_id":"","_kad_post_content_style":"default","_kad_post_vertical_padding":"default","_kad_post_feature":"","_kad_post_feature_position":"","_kad_post_header":false,"_kad_post_footer":false,"_kad_post_classname":""},"product_brand":[],"product_cat":[31],"product_tag":[],"class_list":{"0":"post-737","1":"product","2":"type-product","3":"status-publish","4":"has-post-thumbnail","6":"product_cat-wood-stove","8":"first","9":"instock","10":"shipping-taxable","11":"product-type-simple","12":"entry","13":"content-bg","14":"loop-entry"},"_links":{"self":[{"href":"https:\/\/www.zegemfireplace.com\/es\/wp-json\/wp\/v2\/product\/737","targetHints":{"allow":["GET"]}}],"collection":[{"href":"https:\/\/www.zegemfireplace.com\/es\/wp-json\/wp\/v2\/product"}],"about":[{"href":"https:\/\/www.zegemfireplace.com\/es\/wp-json\/wp\/v2\/types\/product"}],"replies":[{"embeddable":true,"href":"https:\/\/www.zegemfireplace.com\/es\/wp-json\/wp\/v2\/comments?post=737"}],"wp:featuredmedia":[{"embeddable":true,"href":"https:\/\/www.zegemfireplace.com\/es\/wp-json\/wp\/v2\/media\/733"}],"wp:attachment":[{"href":"https:\/\/www.zegemfireplace.com\/es\/wp-json\/wp\/v2\/media?parent=737"}],"wp:term":[{"taxonomy":"product_brand","embeddable":true,"href":"https:\/\/www.zegemfireplace.com\/es\/wp-json\/wp\/v2\/product_brand?post=737"},{"taxonomy":"product_cat","embeddable":true,"href":"https:\/\/www.zegemfireplace.com\/es\/wp-json\/wp\/v2\/product_cat?post=737"},{"taxonomy":"product_tag","embeddable":true,"href":"https:\/\/www.zegemfireplace.com\/es\/wp-json\/wp\/v2\/product_tag?post=737"}],"curies":[{"name":"wp","href":"https:\/\/api.w.org\/{rel}","templated":true}]}}