{"id":740,"date":"2024-10-31T14:39:25","date_gmt":"2024-10-31T06:39:25","guid":{"rendered":"https:\/\/www.zegemfireplace.com\/?post_type=product&#038;p=740"},"modified":"2024-10-31T14:39:26","modified_gmt":"2024-10-31T06:39:26","slug":"single-double-3-sides-view-fire-wood-stove-fireplace","status":"publish","type":"product","link":"https:\/\/www.zegemfireplace.com\/es\/producto\/single-double-3-sides-view-fire-wood-stove-fireplace\/","title":{"rendered":"Individual\/doble\/vista a 3 lados chimenea con estufa de le\u00f1a"},"content":{"rendered":"<figure id=\"attachment_750\" aria-describedby=\"caption-attachment-750\" style=\"width: 300px\" class=\"wp-caption alignnone\"><img fetchpriority=\"high\" decoding=\"async\" class=\"wp-image-750 size-medium\" src=\"http:\/\/www.zegemfireplace.com\/wp-content\/uploads\/2024\/10\/1730356354458-300x207.png\" alt=\"\" width=\"300\" height=\"207\" srcset=\"https:\/\/www.zegemfireplace.com\/wp-content\/uploads\/2024\/10\/1730356354458-300x207.png 300w, https:\/\/www.zegemfireplace.com\/wp-content\/uploads\/2024\/10\/1730356354458-18x12.png 18w, https:\/\/www.zegemfireplace.com\/wp-content\/uploads\/2024\/10\/1730356354458.png 444w\" sizes=\"(max-width: 300px) 100vw, 300px\" \/><figcaption id=\"caption-attachment-750\" class=\"wp-caption-text\">vista \u00fanica fuego<\/figcaption><\/figure>\n<figure id=\"attachment_751\" aria-describedby=\"caption-attachment-751\" style=\"width: 300px\" class=\"wp-caption alignnone\"><img decoding=\"async\" class=\"wp-image-751 size-medium\" src=\"http:\/\/www.zegemfireplace.com\/wp-content\/uploads\/2024\/10\/\u53cc\u9762-300x208.png\" alt=\"\" width=\"300\" height=\"208\" srcset=\"https:\/\/www.zegemfireplace.com\/wp-content\/uploads\/2024\/10\/\u53cc\u9762-300x208.png 300w, https:\/\/www.zegemfireplace.com\/wp-content\/uploads\/2024\/10\/\u53cc\u9762-18x12.png 18w, https:\/\/www.zegemfireplace.com\/wp-content\/uploads\/2024\/10\/\u53cc\u9762.png 449w\" sizes=\"(max-width: 300px) 100vw, 300px\" \/><figcaption id=\"caption-attachment-751\" class=\"wp-caption-text\">Doble vista fuego<\/figcaption><\/figure>\n<figure id=\"attachment_749\" aria-describedby=\"caption-attachment-749\" style=\"width: 300px\" class=\"wp-caption alignnone\"><img decoding=\"async\" class=\"wp-image-749 size-medium\" src=\"http:\/\/www.zegemfireplace.com\/wp-content\/uploads\/2024\/10\/3-SIDES-300x209.png\" alt=\"\" width=\"300\" height=\"209\" srcset=\"https:\/\/www.zegemfireplace.com\/wp-content\/uploads\/2024\/10\/3-SIDES-300x209.png 300w, https:\/\/www.zegemfireplace.com\/wp-content\/uploads\/2024\/10\/3-SIDES-18x12.png 18w, https:\/\/www.zegemfireplace.com\/wp-content\/uploads\/2024\/10\/3-SIDES.png 446w\" sizes=\"(max-width: 300px) 100vw, 300px\" \/><figcaption id=\"caption-attachment-749\" class=\"wp-caption-text\">3 lados vista fuego<\/figcaption><\/figure>\n<table style=\"height: 338px;\" width=\"879\">\n<tbody>\n<tr>\n<td width=\"284\">Tama\u00f1o\/mm<\/td>\n<td width=\"284\">950x430x590<\/td>\n<\/tr>\n<tr>\n<td width=\"284\">Tama\u00f1o del vidrio\/mm<\/td>\n<td width=\"284\">685&#215;315<\/td>\n<\/tr>\n<tr>\n<td width=\"284\">Peso\/kg<\/td>\n<td width=\"284\">100<\/td>\n<\/tr>\n<tr>\n<td width=\"284\">Material principal<\/td>\n<td width=\"284\">Chapa de acero m\u00e1s gruesa y tablero de vermiculita<\/td>\n<\/tr>\n<tr>\n<td width=\"284\">Ubicaci\u00f3n de la salida de humos<\/td>\n<td width=\"284\">Parte superior o posterior<\/td>\n<\/tr>\n<tr>\n<td width=\"284\">Combustible<\/td>\n<td width=\"284\">Le\u00f1a seca<\/td>\n<\/tr>\n<tr>\n<td width=\"284\">Di\u00e1metro del tubo de humos<\/td>\n<td width=\"284\">150 mm<\/td>\n<\/tr>\n<tr>\n<td width=\"284\">Zona c\u00e1lida<\/td>\n<td width=\"284\">140-160 metros cuadrados<\/td>\n<\/tr>\n<tr>\n<td width=\"284\">Combusti\u00f3n secundaria<\/td>\n<td width=\"284\">S\u00ed<\/td>\n<\/tr>\n<tr>\n<td width=\"284\">Modelo<\/td>\n<td width=\"284\">HD950<\/td>\n<\/tr>\n<tr>\n<td width=\"284\">Pintura de superficie<\/td>\n<td width=\"284\">Pintura resistente al calor American Forest<\/td>\n<\/tr>\n<tr>\n<td width=\"284\">Visor de incendios<\/td>\n<td width=\"284\">Cristal alem\u00e1n Schott resistente al calor<\/td>\n<\/tr>\n<\/tbody>\n<\/table>\n<p><img loading=\"lazy\" decoding=\"async\" class=\"alignnone size-medium wp-image-757\" src=\"http:\/\/www.zegemfireplace.com\/wp-content\/uploads\/2024\/10\/1730356104262-300x246.png\" alt=\"\" width=\"300\" height=\"246\" srcset=\"https:\/\/www.zegemfireplace.com\/wp-content\/uploads\/2024\/10\/1730356104262-300x246.png 300w, https:\/\/www.zegemfireplace.com\/wp-content\/uploads\/2024\/10\/1730356104262-15x12.png 15w, https:\/\/www.zegemfireplace.com\/wp-content\/uploads\/2024\/10\/1730356104262.png 325w\" sizes=\"(max-width: 300px) 100vw, 300px\" \/> <img loading=\"lazy\" decoding=\"async\" class=\"alignnone size-medium wp-image-758\" src=\"http:\/\/www.zegemfireplace.com\/wp-content\/uploads\/2024\/10\/1730356142568-300x228.png\" alt=\"\" width=\"300\" height=\"228\" srcset=\"https:\/\/www.zegemfireplace.com\/wp-content\/uploads\/2024\/10\/1730356142568-300x228.png 300w, https:\/\/www.zegemfireplace.com\/wp-content\/uploads\/2024\/10\/1730356142568-768x583.png 768w, https:\/\/www.zegemfireplace.com\/wp-content\/uploads\/2024\/10\/1730356142568-16x12.png 16w, https:\/\/www.zegemfireplace.com\/wp-content\/uploads\/2024\/10\/1730356142568-600x456.png 600w, https:\/\/www.zegemfireplace.com\/wp-content\/uploads\/2024\/10\/1730356142568.png 910w\" sizes=\"(max-width: 300px) 100vw, 300px\" \/> <img loading=\"lazy\" decoding=\"async\" class=\"alignnone size-medium wp-image-759\" src=\"http:\/\/www.zegemfireplace.com\/wp-content\/uploads\/2024\/10\/1730356164760-298x300.png\" alt=\"\" width=\"298\" height=\"300\" srcset=\"https:\/\/www.zegemfireplace.com\/wp-content\/uploads\/2024\/10\/1730356164760-298x300.png 298w, https:\/\/www.zegemfireplace.com\/wp-content\/uploads\/2024\/10\/1730356164760-150x150.png 150w, https:\/\/www.zegemfireplace.com\/wp-content\/uploads\/2024\/10\/1730356164760-768x774.png 768w, https:\/\/www.zegemfireplace.com\/wp-content\/uploads\/2024\/10\/1730356164760-12x12.png 12w, https:\/\/www.zegemfireplace.com\/wp-content\/uploads\/2024\/10\/1730356164760-600x605.png 600w, https:\/\/www.zegemfireplace.com\/wp-content\/uploads\/2024\/10\/1730356164760-100x100.png 100w, https:\/\/www.zegemfireplace.com\/wp-content\/uploads\/2024\/10\/1730356164760.png 800w\" sizes=\"(max-width: 298px) 100vw, 298px\" \/><\/p>\n<p><img loading=\"lazy\" decoding=\"async\" class=\"alignnone size-medium wp-image-756\" src=\"http:\/\/www.zegemfireplace.com\/wp-content\/uploads\/2024\/10\/1730356074803-300x246.png\" alt=\"\" width=\"300\" height=\"246\" srcset=\"https:\/\/www.zegemfireplace.com\/wp-content\/uploads\/2024\/10\/1730356074803-300x246.png 300w, https:\/\/www.zegemfireplace.com\/wp-content\/uploads\/2024\/10\/1730356074803-15x12.png 15w, https:\/\/www.zegemfireplace.com\/wp-content\/uploads\/2024\/10\/1730356074803.png 498w\" sizes=\"(max-width: 300px) 100vw, 300px\" \/> <img loading=\"lazy\" decoding=\"async\" class=\"alignnone size-medium wp-image-755\" src=\"http:\/\/www.zegemfireplace.com\/wp-content\/uploads\/2024\/10\/3-SIDES-950-196x300.png\" alt=\"\" width=\"196\" height=\"300\" srcset=\"https:\/\/www.zegemfireplace.com\/wp-content\/uploads\/2024\/10\/3-SIDES-950-196x300.png 196w, https:\/\/www.zegemfireplace.com\/wp-content\/uploads\/2024\/10\/3-SIDES-950-8x12.png 8w, https:\/\/www.zegemfireplace.com\/wp-content\/uploads\/2024\/10\/3-SIDES-950.png 276w\" sizes=\"(max-width: 196px) 100vw, 196px\" \/><\/p>","protected":false},"excerpt":{"rendered":"<p>Tama\u00f1o\/mm 950x430x590 Tama\u00f1o del cristal\/mm 685\u00d7315 Peso\/kg 100 Material principal Chapa de acero m\u00e1s gruesa y tablero de vermiculita Ubicaci\u00f3n de la salida de humos Superior o posterior Combustible Le\u00f1a seca Di\u00e1metro del tubo de humos 150mm \u00c1rea caliente 140-160 Metros cuadrados Combusti\u00f3n secundaria S\u00ed Modelo HD950 Pintura de superficie Pintura resistente al calor American Forest Cristal de visualizaci\u00f3n del fuego Cristal resistente al calor German Schott<\/p>","protected":false},"featured_media":747,"comment_status":"open","ping_status":"closed","template":"","meta":{"_kad_post_transparent":"default","_kad_post_title":"","_kad_post_layout":"default","_kad_post_sidebar_id":"","_kad_post_content_style":"default","_kad_post_vertical_padding":"default","_kad_post_feature":"","_kad_post_feature_position":"","_kad_post_header":false,"_kad_post_footer":false,"_kad_post_classname":""},"product_brand":[],"product_cat":[31],"product_tag":[],"class_list":{"0":"post-740","1":"product","2":"type-product","3":"status-publish","4":"has-post-thumbnail","6":"product_cat-wood-stove","8":"first","9":"instock","10":"shipping-taxable","11":"product-type-simple","12":"entry","13":"content-bg","14":"loop-entry"},"_links":{"self":[{"href":"https:\/\/www.zegemfireplace.com\/es\/wp-json\/wp\/v2\/product\/740","targetHints":{"allow":["GET"]}}],"collection":[{"href":"https:\/\/www.zegemfireplace.com\/es\/wp-json\/wp\/v2\/product"}],"about":[{"href":"https:\/\/www.zegemfireplace.com\/es\/wp-json\/wp\/v2\/types\/product"}],"replies":[{"embeddable":true,"href":"https:\/\/www.zegemfireplace.com\/es\/wp-json\/wp\/v2\/comments?post=740"}],"wp:featuredmedia":[{"embeddable":true,"href":"https:\/\/www.zegemfireplace.com\/es\/wp-json\/wp\/v2\/media\/747"}],"wp:attachment":[{"href":"https:\/\/www.zegemfireplace.com\/es\/wp-json\/wp\/v2\/media?parent=740"}],"wp:term":[{"taxonomy":"product_brand","embeddable":true,"href":"https:\/\/www.zegemfireplace.com\/es\/wp-json\/wp\/v2\/product_brand?post=740"},{"taxonomy":"product_cat","embeddable":true,"href":"https:\/\/www.zegemfireplace.com\/es\/wp-json\/wp\/v2\/product_cat?post=740"},{"taxonomy":"product_tag","embeddable":true,"href":"https:\/\/www.zegemfireplace.com\/es\/wp-json\/wp\/v2\/product_tag?post=740"}],"curies":[{"name":"wp","href":"https:\/\/api.w.org\/{rel}","templated":true}]}}