{"id":810,"date":"2024-10-31T14:57:34","date_gmt":"2024-10-31T06:57:34","guid":{"rendered":"https:\/\/www.zegemfireplace.com\/?post_type=product&#038;p=810"},"modified":"2024-10-31T15:00:22","modified_gmt":"2024-10-31T07:00:22","slug":"model-8073-luxury-electric-fireplace-with-wood-frame-for-household-use","status":"publish","type":"product","link":"https:\/\/www.zegemfireplace.com\/es\/producto\/model-8073-luxury-electric-fireplace-with-wood-frame-for-household-use\/","title":{"rendered":"Modelo 8073 Chimenea el\u00e9ctrica de lujo con estructura de madera para uso dom\u00e9stico"},"content":{"rendered":"<p><span data-spm-anchor-id=\"a2700.details.0.i39.5e1a5b86cCb4xc\">Chimenea el\u00e9ctrica con repisa de madera\u00a0<\/span><\/p>\n<table class=\"aliDataTable\">\n<tbody>\n<tr align=\"left\">\n<td valign=\"top\">Modelo<\/td>\n<td valign=\"top\">8073<\/td>\n<\/tr>\n<tr align=\"left\">\n<td valign=\"top\">Tipo<\/td>\n<td valign=\"top\">\u00a0Embedded<\/td>\n<\/tr>\n<tr align=\"left\">\n<td valign=\"top\">Tama\u00f1o de la chimenea<\/td>\n<td valign=\"top\">1600*330*1200 mm<\/td>\n<\/tr>\n<tr align=\"left\">\n<td valign=\"top\">Tama\u00f1o del envase<\/td>\n<td valign=\"top\">1720*440*1400 mm<\/td>\n<\/tr>\n<tr align=\"left\">\n<td valign=\"top\">Peso neto \/ bruto<\/td>\n<td valign=\"top\">140KG<\/td>\n<\/tr>\n<tr align=\"left\">\n<td valign=\"top\">Tensi\u00f3n ( V\/HZ )<\/td>\n<td valign=\"top\">110\/220v<\/td>\n<\/tr>\n<tr align=\"left\">\n<td valign=\"top\">Poder de visi\u00f3n de la llama<\/td>\n<td valign=\"top\">12 W<\/td>\n<\/tr>\n<tr align=\"left\">\n<td valign=\"top\">Potencia de primer grado<\/td>\n<td valign=\"top\">750 W<\/td>\n<\/tr>\n<tr align=\"left\">\n<td valign=\"top\">Poder de segundo grado<\/td>\n<td valign=\"top\">1500 W<\/td>\n<\/tr>\n<tr align=\"left\">\n<td valign=\"top\">Zona adecuada<\/td>\n<td valign=\"top\">10-35 M^2<\/td>\n<\/tr>\n<tr align=\"left\">\n<td valign=\"top\">Material<\/td>\n<td valign=\"top\">HDF<\/td>\n<\/tr>\n<tr align=\"left\">\n<td valign=\"top\">Cantidades de grado de ajuste del brillo de la llama<\/td>\n<td valign=\"top\">4 grados<\/td>\n<\/tr>\n<tr align=\"left\">\n<td valign=\"top\">Modo de control<\/td>\n<td valign=\"top\">\u00a0Mando a distancia \/ placa de teclado<\/td>\n<\/tr>\n<tr align=\"left\">\n<td valign=\"top\">Observaci\u00f3n<\/td>\n<td valign=\"top\">La llama y el sistema de calefacci\u00f3n funcionan por separado<\/td>\n<\/tr>\n<\/tbody>\n<\/table>","protected":false},"excerpt":{"rendered":"<p>Chimenea el\u00e9ctrica con repisa de le\u00f1a Modelo 8073 Tipo Empotrada Tama\u00f1o de la chimenea 1600*330*1200 mm Tama\u00f1o del paquete 1720*440*1400 mm Peso neto \/ bruto 140KG Tensi\u00f3n ( V\/HZ ) 110\/220v Potencia de visualizaci\u00f3n de la llama 12 W Potencia de primer grado 750 W Potencia de segundo grado 1500 W Superficie adecuada 10-35 M^2 Material HDF Cantidades de grados de ajuste del brillo de la llama 4 grados Modo de control Mando a distancia \/ placa de teclado Observaci\u00f3n La llama y el sistema de calefacci\u00f3n funcionan por separado<\/p>","protected":false},"featured_media":823,"comment_status":"open","ping_status":"closed","template":"","meta":{"_kad_post_transparent":"default","_kad_post_title":"","_kad_post_layout":"default","_kad_post_sidebar_id":"","_kad_post_content_style":"default","_kad_post_vertical_padding":"default","_kad_post_feature":"","_kad_post_feature_position":"","_kad_post_header":false,"_kad_post_footer":false,"_kad_post_classname":""},"product_brand":[],"product_cat":[33],"product_tag":[],"class_list":{"0":"post-810","1":"product","2":"type-product","3":"status-publish","4":"has-post-thumbnail","6":"product_cat-wood-or-marble-mantel-of-fireplace","8":"first","9":"instock","10":"shipping-taxable","11":"product-type-simple","12":"entry","13":"content-bg","14":"loop-entry"},"_links":{"self":[{"href":"https:\/\/www.zegemfireplace.com\/es\/wp-json\/wp\/v2\/product\/810","targetHints":{"allow":["GET"]}}],"collection":[{"href":"https:\/\/www.zegemfireplace.com\/es\/wp-json\/wp\/v2\/product"}],"about":[{"href":"https:\/\/www.zegemfireplace.com\/es\/wp-json\/wp\/v2\/types\/product"}],"replies":[{"embeddable":true,"href":"https:\/\/www.zegemfireplace.com\/es\/wp-json\/wp\/v2\/comments?post=810"}],"wp:featuredmedia":[{"embeddable":true,"href":"https:\/\/www.zegemfireplace.com\/es\/wp-json\/wp\/v2\/media\/823"}],"wp:attachment":[{"href":"https:\/\/www.zegemfireplace.com\/es\/wp-json\/wp\/v2\/media?parent=810"}],"wp:term":[{"taxonomy":"product_brand","embeddable":true,"href":"https:\/\/www.zegemfireplace.com\/es\/wp-json\/wp\/v2\/product_brand?post=810"},{"taxonomy":"product_cat","embeddable":true,"href":"https:\/\/www.zegemfireplace.com\/es\/wp-json\/wp\/v2\/product_cat?post=810"},{"taxonomy":"product_tag","embeddable":true,"href":"https:\/\/www.zegemfireplace.com\/es\/wp-json\/wp\/v2\/product_tag?post=810"}],"curies":[{"name":"wp","href":"https:\/\/api.w.org\/{rel}","templated":true}]}}